{"id":2487,"date":"2018-07-28T16:07:51","date_gmt":"2018-07-28T14:07:51","guid":{"rendered":"https:\/\/papirol.si\/povprasevanje\/vrecke-ravno-dno-2\/"},"modified":"2020-02-02T18:09:17","modified_gmt":"2020-02-02T17:09:17","slug":"%d1%82%d0%be%d1%80%d0%b1%d0%b5-%d1%81%d0%b0-%d0%ba%d0%b2%d0%b0%d0%b4%d1%80%d0%b0%d1%82%d0%bd%d0%b8%d0%bc-%d0%b4%d0%bd%d0%be%d0%bc","status":"publish","type":"page","link":"https:\/\/papirol.si\/sr\/povprasevanje\/vrecke-stirikotno-dno\/","title":{"rendered":"\u041f\u043e\u0448\u0430\u0459\u0438\u0442\u0435 \u0443\u043f\u0438\u0442"},"content":{"rendered":"<div data-elementor-type=\"wp-post\" data-elementor-id=\"2487\" class=\"elementor elementor-2487\" data-elementor-post-type=\"page\">\n\t\t\t\t\t\t<section class=\"elementor-section elementor-top-section elementor-element elementor-element-c1153d9 elementor-section-boxed elementor-section-height-default elementor-section-height-default\" data-id=\"c1153d9\" data-element_type=\"section\" data-e-type=\"section\">\n\t\t\t\t\t\t<div class=\"elementor-container elementor-column-gap-default\">\n\t\t\t\t\t<div class=\"elementor-column elementor-col-100 elementor-top-column elementor-element elementor-element-3cca13e elementor-invisible\" data-id=\"3cca13e\" data-element_type=\"column\" data-e-type=\"column\" data-settings=\"{&quot;animation&quot;:&quot;fadeIn&quot;,&quot;animation_delay&quot;:200}\">\n\t\t\t<div class=\"elementor-widget-wrap elementor-element-populated\">\n\t\t\t\t\t\t<div class=\"elementor-element elementor-element-afc7b30 elementor-widget elementor-widget-heading\" data-id=\"afc7b30\" data-element_type=\"widget\" data-e-type=\"widget\" data-widget_type=\"heading.default\">\n\t\t\t\t\t<h2 class=\"elementor-heading-title elementor-size-default elementor-heading-title elementor-align-after-center\">\u0422\u043e\u0440\u0431\u0435 \u0441\u0430 \u043a\u0432\u0430\u0434\u0440\u0430\u0442\u043d\u0438\u043c \u0434\u043d\u043e\u043c<\/h2>\t\t\t\t<\/div>\n\t\t\t\t<div class=\"elementor-element elementor-element-830e318 elementor-widget elementor-widget-shortcode\" data-id=\"830e318\" data-element_type=\"widget\" data-e-type=\"widget\" data-widget_type=\"shortcode.default\">\n\t\t\t\t\t\t\t<div class=\"elementor-shortcode\">\n<div class=\"wpcf7 no-js\" id=\"wpcf7-f2491-o1\" lang=\"sl-SI\" dir=\"ltr\" data-wpcf7-id=\"2491\">\n<div class=\"screen-reader-response\"><p role=\"status\" aria-live=\"polite\" aria-atomic=\"true\"><\/p> <ul><\/ul><\/div>\n<form action=\"\/sr\/wp-json\/wp\/v2\/pages\/2487#wpcf7-f2491-o1\" method=\"post\" class=\"wpcf7-form init\" aria-label=\"Contact form\" novalidate=\"novalidate\" data-status=\"init\" data-trp-original-action=\"\/sr\/wp-json\/wp\/v2\/pages\/2487#wpcf7-f2491-o1\">\n<fieldset class=\"hidden-fields-container\"><input type=\"hidden\" name=\"_wpcf7\" value=\"2491\" \/><input type=\"hidden\" name=\"_wpcf7_version\" value=\"6.1.5\" \/><input type=\"hidden\" name=\"_wpcf7_locale\" value=\"sl_SI\" \/><input type=\"hidden\" name=\"_wpcf7_unit_tag\" value=\"wpcf7-f2491-o1\" \/><input type=\"hidden\" name=\"_wpcf7_container_post\" value=\"0\" \/><input type=\"hidden\" name=\"_wpcf7_posted_data_hash\" value=\"\" \/><input type=\"hidden\" name=\"_wpcf7_recaptcha_response\" value=\"\" \/>\n<\/fieldset>\n<div id=\"pform\">\n\t<p><label> \u0412\u0430\u0448\u0435 \u0438\u043c\u0435 *<br \/>\n<span class=\"wpcf7-form-control-wrap\" data-name=\"ime\"><input size=\"40\" maxlength=\"400\" class=\"wpcf7-form-control wpcf7-text wpcf7-validates-as-required\" aria-required=\"true\" aria-invalid=\"false\" value=\"\" type=\"text\" name=\"ime\" \/><\/span><br \/>\n<\/label>\n\t<\/p>\n\t<p><label> \u0412\u0430\u0448 \u0438\u043c\u0435\u0458\u043b *<br \/>\n<span class=\"wpcf7-form-control-wrap\" data-name=\"email\"><input size=\"40\" maxlength=\"400\" class=\"wpcf7-form-control wpcf7-email wpcf7-validates-as-required wpcf7-text wpcf7-validates-as-email\" aria-required=\"true\" aria-invalid=\"false\" value=\"\" type=\"email\" name=\"email\" \/><\/span><br \/>\n<\/label>\n\t<\/p>\n\t<div class=\"sep\">\n\t<\/div>\n\t<div>\n\t\t<p><label>\u0422\u0438\u043f \u043f\u0430\u043f\u0438\u0440\u0430<\/label><span class=\"wpcf7-form-control-wrap\" data-name=\"papir\"><span class=\"wpcf7-form-control wpcf7-checkbox\"><span class=\"wpcf7-list-item first\"><label><input type=\"checkbox\" name=\"papir[]\" value=\"Beli papir\" \/><span class=\"wpcf7-list-item-label\">\u0411\u0435\u043b\u0430 \u043a\u045a\u0438\u0433\u0430<\/span><\/label><\/span><span class=\"wpcf7-list-item last\"><label><input type=\"checkbox\" name=\"papir[]\" value=\"Natron rjavi papir\" \/><span class=\"wpcf7-list-item-label\">\u041d\u0430\u0442\u0440\u043e\u043d \u0431\u0440\u0430\u043e\u043d \u043f\u0430\u043f\u0438\u0440<\/span><\/label><\/span><\/span><\/span>\n\t\t<\/p>\n\t<\/div>\n\t<div>\n\t\t<p><label>\u0414\u0438\u043c\u0435\u043d\u0437\u0438\u0458\u0435 <b>\u041d\u0430\u0442\u0443\u0440\u0430 \u043f\u0430\u043f\u0438\u0440\u043d\u0435 \u043a\u0435\u0441\u0435<\/b><\/label><br \/>\n<span class=\"wpcf7-form-control-wrap\" data-name=\"dimen-natura\"><span class=\"wpcf7-form-control wpcf7-checkbox\"><span class=\"wpcf7-list-item first\"><label><input type=\"checkbox\" name=\"dimen-natura[]\" value=\"1\/2 - 8+5x26 cm\" \/><span class=\"wpcf7-list-item-label\">1\/2 - 8+5\u00d726 cm<\/span><\/label><\/span><span class=\"wpcf7-list-item\"><label><input type=\"checkbox\" name=\"dimen-natura[]\" value=\"1 - 12+6x26 cm\" \/><span class=\"wpcf7-list-item-label\">1 - 12+6\u00d726 cm<\/span><\/label><\/span><span class=\"wpcf7-list-item\"><label><input type=\"checkbox\" name=\"dimen-natura[]\" value=\"2 - 14+8x34 cm\" \/><span class=\"wpcf7-list-item-label\">2 - 14 + 8 \u00d7 34 \u0446\u043c<\/span><\/label><\/span><span class=\"wpcf7-list-item\"><label><input type=\"checkbox\" name=\"dimen-natura[]\" value=\"5 - 16+12x45 cm\" \/><span class=\"wpcf7-list-item-label\">5 - 16 + 12 \u00d7 45 cm<\/span><\/label><\/span><span class=\"wpcf7-list-item\"><label><input type=\"checkbox\" name=\"dimen-natura[]\" value=\"10 - 24+12x50 cm\" \/><span class=\"wpcf7-list-item-label\">10\u201324 + 12 \u00d7 50 \u0446\u043c<\/span><\/label><\/span><span class=\"wpcf7-list-item\"><label><input type=\"checkbox\" name=\"dimen-natura[]\" value=\"25 - 55+14x77 cm\" \/><span class=\"wpcf7-list-item-label\">25\u201355+14 \u00d7 77 \u0446\u043c<\/span><\/label><\/span><span class=\"wpcf7-list-item last\"><label><input type=\"checkbox\" name=\"dimen-natura[]\" value=\"50 - 55+14x110 cm\" \/><span class=\"wpcf7-list-item-label\">50\u201355 + 14 \u00d7 110 \u0446\u043c<\/span><\/label><\/span><\/span><\/span>\n\t\t<\/p>\n\t<\/div>\n\t<div>\n\t\t<p><label>\u0414\u0438\u043c\u0435\u043d\u0437\u0438\u0458\u0435 <b>\u0431\u0435\u043b\u0435 \u043f\u0440\u0438\u0440\u043e\u0434\u043d\u0435 \u043f\u0430\u043f\u0438\u0440\u043d\u0435 \u043a\u0435\u0441\u0435<\/b><\/label><br \/>\n<span class=\"wpcf7-form-control-wrap\" data-name=\"dimen-bela-natura\"><span class=\"wpcf7-form-control wpcf7-checkbox\"><span class=\"wpcf7-list-item first\"><label><input type=\"checkbox\" name=\"dimen-bela-natura[]\" value=\"1\/2 - 8+5x26 cm\" \/><span class=\"wpcf7-list-item-label\">1\/2 - 8+5\u00d726 cm<\/span><\/label><\/span><span class=\"wpcf7-list-item\"><label><input type=\"checkbox\" name=\"dimen-bela-natura[]\" value=\"1 - 12+6x26 cm\" \/><span class=\"wpcf7-list-item-label\">1 - 12+6\u00d726 cm<\/span><\/label><\/span><span class=\"wpcf7-list-item last\"><label><input type=\"checkbox\" name=\"dimen-bela-natura[]\" value=\"2 - 14+8x34 cm\" \/><span class=\"wpcf7-list-item-label\">2 - 14 + 8 \u00d7 34 \u0446\u043c<\/span><\/label><\/span><\/span><\/span>\n\t\t<\/p>\n\t<\/div>\n\n<!--<div> <label>Dimenzije <b>papirnate vre\u010dke natura velike<\/b><\/label>\n<span class=\"wpcf7-form-control-wrap\" data-name=\"dimen-natura-v\"><span class=\"wpcf7-form-control wpcf7-checkbox\"><span class=\"wpcf7-list-item first\"><label><input type=\"checkbox\" name=\"dimen-natura-v[]\" value=\"1\/2 - 8+5x26 cm\" \/><span class=\"wpcf7-list-item-label\">1\/2 - 8+5x26 cm<\/span><\/label><\/span><span class=\"wpcf7-list-item\"><label><input type=\"checkbox\" name=\"dimen-natura-v[]\" value=\"1 - 12+6x26 cm\" \/><span class=\"wpcf7-list-item-label\">1 - 12+6x26 cm<\/span><\/label><\/span><span class=\"wpcf7-list-item\"><label><input type=\"checkbox\" name=\"dimen-natura-v[]\" value=\"2 - 14+8x34 cm\" \/><span class=\"wpcf7-list-item-label\">2 - 14+8x34 cm<\/span><\/label><\/span><span class=\"wpcf7-list-item\"><label><input type=\"checkbox\" name=\"dimen-natura-v[]\" value=\"5 - 16+12x45 cm\" \/><span class=\"wpcf7-list-item-label\">5 - 16+12x45 cm<\/span><\/label><\/span><span class=\"wpcf7-list-item\"><label><input type=\"checkbox\" name=\"dimen-natura-v[]\" value=\"10 - 24+12x50 cm\" \/><span class=\"wpcf7-list-item-label\">10 - 24+12x50 cm<\/span><\/label><\/span><span class=\"wpcf7-list-item\"><label><input type=\"checkbox\" name=\"dimen-natura-v[]\" value=\"25 - 55+14x77 cm\" \/><span class=\"wpcf7-list-item-label\">25 - 55+14x77 cm<\/span><\/label><\/span><span class=\"wpcf7-list-item last\"><label><input type=\"checkbox\" name=\"dimen-natura-v[]\" value=\"50 - 55+14x110 cm\" \/><span class=\"wpcf7-list-item-label\">50 - 55+14x110 cm<\/span><\/label><\/span><\/span><\/span>\n<\/div>-->\n\t<div>\n\t\t<p><label>\u0414\u0438\u043c\u0435\u043d\u0437\u0438\u0458\u0435 <b>\u041d\u0430\u0442\u0443\u0440\u0430 \u043f\u0430\u043f\u0438\u0440\u043d\u0435 \u043a\u0435\u0441\u0435 \u0441\u0430 \u043f\u0440\u043e\u0437\u043e\u0440\u043e\u043c<\/b><\/label><br \/>\n<span class=\"wpcf7-form-control-wrap\" data-name=\"dimen-natura-okno\"><span class=\"wpcf7-form-control wpcf7-checkbox\"><span class=\"wpcf7-list-item first\"><label><input type=\"checkbox\" name=\"dimen-natura-okno[]\" value=\"M - 8+5x19 cm\" \/><span class=\"wpcf7-list-item-label\">\u041c - 8+5 x 19 \u0446\u043c<\/span><\/label><\/span><span class=\"wpcf7-list-item\"><label><input type=\"checkbox\" name=\"dimen-natura-okno[]\" value=\"S - 8+5x24 cm\" \/><span class=\"wpcf7-list-item-label\">\u0428\u0438\u0440\u0438\u043d\u0430 - 8+5\u00d724 \u0446\u043c<\/span><\/label><\/span><span class=\"wpcf7-list-item last\"><label><input type=\"checkbox\" name=\"dimen-natura-okno[]\" value=\"V - 10,5+6,5x27,5 cm\" \/><span class=\"wpcf7-list-item-label\">\u0428\u0438\u0440\u0438\u043d\u0430 - 10,5+6,5\u00d727,5 \u0446\u043c<\/span><\/label><\/span><\/span><\/span>\n\t\t<\/p>\n\t<\/div>\n\t<div>\n\t\t<p><label>\u0422\u0438\u0442\u0440\u0435<\/label><br \/>\n<span class=\"wpcf7-form-control-wrap\" data-name=\"vezice\"><span class=\"wpcf7-form-control wpcf7-checkbox\"><span class=\"wpcf7-list-item first\"><label><input type=\"checkbox\" name=\"vezice[]\" value=\"10 cm\" \/><span class=\"wpcf7-list-item-label\">10 \u0446\u043c<\/span><\/label><\/span><span class=\"wpcf7-list-item\"><label><input type=\"checkbox\" name=\"vezice[]\" value=\"12 cm\" \/><span class=\"wpcf7-list-item-label\">12 \u0446\u043c<\/span><\/label><\/span><span class=\"wpcf7-list-item last\"><label><input type=\"checkbox\" name=\"vezice[]\" value=\"15 cm\" \/><span class=\"wpcf7-list-item-label\">15 \u0446\u043c<\/span><\/label><\/span><\/span><\/span>\n\t\t<\/p>\n\t<\/div>\n\t<div>\n\t\t<p><label>\u0411\u0440\u043e\u0458 \u0432\u0435\u0437\u0430<\/label><br \/>\n<span class=\"wpcf7-form-control-wrap\" data-name=\"vezice-kolicina\"><input size=\"40\" maxlength=\"400\" class=\"wpcf7-form-control wpcf7-text\" aria-invalid=\"false\" placeholder=\"\u0423\u043d\u0435\u0441\u0438\u0442\u0435 \u0436\u0435\u0459\u0435\u043d\u0438 \u0431\u0440\u043e\u0458 \u043d\u0435\u0440\u0435\u0448\u0435\u043d\u0438\u0445 \u0440\u0435\u0437\u0443\u043b\u0442\u0430\u0442\u0430\" value=\"\" type=\"text\" name=\"vezice-kolicina\" \/><\/span>\n\t\t<\/p>\n\t<\/div>\n\t<div class=\"povp-auto\">\n\t\t<p><label>\u0428\u0442\u0430\u043c\u043f\u0430\u0458<\/label><br \/>\n<span class=\"wpcf7-form-control-wrap\" data-name=\"tip-tisk\"><span class=\"wpcf7-form-control wpcf7-checkbox\"><span class=\"wpcf7-list-item first\"><label><input type=\"checkbox\" name=\"tip-tisk[]\" value=\"Brez tiska\" \/><span class=\"wpcf7-list-item-label\">\u041d\u0435 \u0448\u0442\u0430\u043c\u043f\u0430\u0458<\/span><\/label><\/span><span class=\"wpcf7-list-item\"><label><input type=\"checkbox\" name=\"tip-tisk[]\" value=\"Tisk 1 barva\" \/><span class=\"wpcf7-list-item-label\">\u0428\u0442\u0430\u043c\u043f\u0430 \u0443 \u0458\u0435\u0434\u043d\u043e\u0458 \u0431\u043e\u0458\u0438<\/span><\/label><\/span><span class=\"wpcf7-list-item last\"><label><input type=\"checkbox\" name=\"tip-tisk[]\" value=\"Tisk ve\u010d barv\" \/><span class=\"wpcf7-list-item-label\">\u0428\u0442\u0430\u043c\u043f\u0430 \u0443 \u0432\u0438\u0448\u0435 \u0431\u043e\u0458\u0430<\/span><\/label><\/span><\/span><\/span>\n\t\t<\/p>\n\t<\/div>\n\t<p><label class=\"tisk\"> \u0421\u0430\u043e\u043f\u0448\u0442\u0435\u045a\u0435 \u0437\u0430 \u0458\u0430\u0432\u043d\u043e\u0441\u0442<br \/>\n<span class=\"wpcf7-form-control-wrap\" data-name=\"tisk-komentar\"><textarea cols=\"40\" rows=\"10\" maxlength=\"2000\" class=\"wpcf7-form-control wpcf7-textarea\" aria-invalid=\"false\" name=\"tisk-komentar\"><\/textarea><\/span><br \/>\n<\/label>\n\t<\/p>\n\t<p><label> \u041a\u043e\u043b\u0438\u0447\u0438\u043d\u0430<br \/>\n<span class=\"wpcf7-form-control-wrap\" data-name=\"kolicina\"><input size=\"40\" maxlength=\"400\" class=\"wpcf7-form-control wpcf7-text\" aria-invalid=\"false\" placeholder=\"\u0423\u043d\u0435\u0441\u0438\u0442\u0435 \u0436\u0435\u0459\u0435\u043d\u0443 \u043a\u043e\u043b\u0438\u0447\u0438\u043d\u0443\" value=\"\" type=\"text\" name=\"kolicina\" \/><\/span><br \/>\n<\/label>\n\t<\/p>\n\t<div class=\"sep\">\n\t<\/div>\n\t<p><label> \u0418\u043c\u0430\u0442\u0435 \u043b\u0438 \u0458\u043e\u0448 \u043d\u0435\u043a\u0438\u0445 \u043f\u0438\u0442\u0430\u045a\u0430, \u0441\u0430\u0432\u0435\u0442\u0430 \u0438\u0442\u0434.<br \/>\n<span class=\"wpcf7-form-control-wrap\" data-name=\"your-message\"><textarea cols=\"40\" rows=\"10\" maxlength=\"2000\" class=\"wpcf7-form-control wpcf7-textarea\" aria-invalid=\"false\" name=\"your-message\"><\/textarea><\/span><br \/>\n<\/label>\n\t<\/p>\n\t<div id=\"pform-send\">\n\t\t<p><input class=\"wpcf7-form-control wpcf7-submit has-spinner\" type=\"submit\" value=\"\u041f\u043e\u0448\u0430\u0459\u0438\" \/>\n\t\t<\/p>\n\t<\/div>\n\t<div id=\"pform-help\">\n\t\t<p>\u0414\u0430 \u043b\u0438 \u0432\u0430\u043c \u0442\u0440\u0435\u0431\u0430 \u043f\u043e\u043c\u043e\u045b \u043f\u0440\u0438 \u043f\u043e\u043f\u0443\u045a\u0430\u0432\u0430\u045a\u0443 \u043e\u0431\u0440\u0430\u0441\u0446\u0430 \u0438\u043b\u0438 \u0438\u043c\u0430\u0442\u0435 \u0458\u043e\u0448 \u043d\u0435\u043a\u0438\u0445 \u043f\u0438\u0442\u0430\u045a\u0430?<a href=\"tel:+38651339399\">+386 (0)51 339 399<\/a>\n\t\t<\/p>\n\t<\/div>\n<\/div><div class=\"wpcf7-response-output\" aria-hidden=\"true\"><\/div>\n<input type=\"hidden\" name=\"trp-form-language\" value=\"sr\"\/><\/form>\n<\/div>\n<\/div>\n\t\t\t\t\t\t<\/div>\n\t\t\t\t\t<\/div>\n\t\t<\/div>\n\t\t\t\t\t<\/div>\n\t\t<\/section>\n\t\t\t\t<\/div>","protected":false},"excerpt":{"rendered":"<p>\u0422\u043e\u0440\u0431\u0435 \u0441\u0430 \u043a\u0432\u0430\u0434\u0440\u0430\u0442\u043d\u0438\u043c \u0434\u043d\u043e\u043c<\/p>","protected":false},"author":5,"featured_media":0,"parent":2186,"menu_order":0,"comment_status":"closed","ping_status":"closed","template":"elementor_header_footer","meta":{"footnotes":""},"class_list":["post-2487","page","type-page","status-publish","hentry"],"yoast_head":"<!-- This site is optimized with the Yoast SEO plugin v27.3 - https:\/\/yoast.com\/product\/yoast-seo-wordpress\/ -->\n<title>Po\u0161lji povpra\u0161evanje | Papirol<\/title>\n<meta name=\"robots\" content=\"index, follow, max-snippet:-1, max-image-preview:large, max-video-preview:-1\" \/>\n<link rel=\"canonical\" href=\"https:\/\/papirol.si\/sr\/\u0430\u043d\u043a\u0435\u0442\u0430\/\u0442\u043e\u0440\u0431\u0435-\u0441\u0430-\u043a\u0432\u0430\u0434\u0440\u0430\u0442\u043d\u0438\u043c-\u0434\u043d\u043e\u043c\/\" \/>\n<meta property=\"og:locale\" content=\"sr_RS\" \/>\n<meta property=\"og:type\" content=\"article\" \/>\n<meta property=\"og:title\" content=\"Po\u0161lji povpra\u0161evanje | Papirol\" \/>\n<meta property=\"og:description\" content=\"Vre\u010dke s \u0161tirikotnim dnom\" \/>\n<meta property=\"og:url\" content=\"https:\/\/papirol.si\/sr\/\u0430\u043d\u043a\u0435\u0442\u0430\/\u0442\u043e\u0440\u0431\u0435-\u0441\u0430-\u043a\u0432\u0430\u0434\u0440\u0430\u0442\u043d\u0438\u043c-\u0434\u043d\u043e\u043c\/\" \/>\n<meta property=\"og:site_name\" content=\"Papirol\" \/>\n<meta property=\"article:modified_time\" content=\"2020-02-02T17:09:17+00:00\" \/>\n<meta name=\"twitter:card\" content=\"summary_large_image\" \/>\n<script type=\"application\/ld+json\" class=\"yoast-schema-graph\">{\"@context\":\"https:\\\/\\\/schema.org\",\"@graph\":[{\"@type\":\"WebPage\",\"@id\":\"https:\\\/\\\/papirol.si\\\/povprasevanje\\\/vrecke-stirikotno-dno\\\/\",\"url\":\"https:\\\/\\\/papirol.si\\\/povprasevanje\\\/vrecke-stirikotno-dno\\\/\",\"name\":\"Po\u0161lji povpra\u0161evanje | Papirol\",\"isPartOf\":{\"@id\":\"https:\\\/\\\/papirol.si\\\/#website\"},\"datePublished\":\"2018-07-28T14:07:51+00:00\",\"dateModified\":\"2020-02-02T17:09:17+00:00\",\"breadcrumb\":{\"@id\":\"https:\\\/\\\/papirol.si\\\/povprasevanje\\\/vrecke-stirikotno-dno\\\/#breadcrumb\"},\"inLanguage\":\"sr-RS\",\"potentialAction\":[{\"@type\":\"ReadAction\",\"target\":[\"https:\\\/\\\/papirol.si\\\/povprasevanje\\\/vrecke-stirikotno-dno\\\/\"]}]},{\"@type\":\"BreadcrumbList\",\"@id\":\"https:\\\/\\\/papirol.si\\\/povprasevanje\\\/vrecke-stirikotno-dno\\\/#breadcrumb\",\"itemListElement\":[{\"@type\":\"ListItem\",\"position\":1,\"name\":\"Home\",\"item\":\"https:\\\/\\\/papirol.si\\\/\"},{\"@type\":\"ListItem\",\"position\":2,\"name\":\"Povpra\u0161evanje\",\"item\":\"https:\\\/\\\/papirol.si\\\/povprasevanje\\\/\"},{\"@type\":\"ListItem\",\"position\":3,\"name\":\"Po\u0161lji povpra\u0161evanje\"}]},{\"@type\":\"WebSite\",\"@id\":\"https:\\\/\\\/papirol.si\\\/#website\",\"url\":\"https:\\\/\\\/papirol.si\\\/\",\"name\":\"Papirol\",\"description\":\"Obla\u010dimo va\u0161e izdelke \u017ee 36 let!\",\"publisher\":{\"@id\":\"https:\\\/\\\/papirol.si\\\/#organization\"},\"potentialAction\":[{\"@type\":\"SearchAction\",\"target\":{\"@type\":\"EntryPoint\",\"urlTemplate\":\"https:\\\/\\\/papirol.si\\\/?s={search_term_string}\"},\"query-input\":{\"@type\":\"PropertyValueSpecification\",\"valueRequired\":true,\"valueName\":\"search_term_string\"}}],\"inLanguage\":\"sr-RS\"},{\"@type\":\"Organization\",\"@id\":\"https:\\\/\\\/papirol.si\\\/#organization\",\"name\":\"Papirol\",\"url\":\"https:\\\/\\\/papirol.si\\\/\",\"logo\":{\"@type\":\"ImageObject\",\"inLanguage\":\"sr-RS\",\"@id\":\"https:\\\/\\\/papirol.si\\\/#\\\/schema\\\/logo\\\/image\\\/\",\"url\":\"https:\\\/\\\/papirol.si\\\/wp-content\\\/uploads\\\/2019\\\/12\\\/papirol-bela.png\",\"contentUrl\":\"https:\\\/\\\/papirol.si\\\/wp-content\\\/uploads\\\/2019\\\/12\\\/papirol-bela.png\",\"width\":400,\"height\":80,\"caption\":\"Papirol\"},\"image\":{\"@id\":\"https:\\\/\\\/papirol.si\\\/#\\\/schema\\\/logo\\\/image\\\/\"}}]}<\/script>\n<!-- \/ Yoast SEO plugin. -->","yoast_head_json":{"title":"\u041f\u043e\u0448\u0430\u0459\u0438\u0442\u0435 \u0443\u043f\u0438\u0442 | \u041f\u0430\u043f\u0438\u0440\u043e\u043b","robots":{"index":"index","follow":"follow","max-snippet":"max-snippet:-1","max-image-preview":"max-image-preview:large","max-video-preview":"max-video-preview:-1"},"canonical":"https:\/\/papirol.si\/sr\/\u0430\u043d\u043a\u0435\u0442\u0430\/\u0442\u043e\u0440\u0431\u0435-\u0441\u0430-\u043a\u0432\u0430\u0434\u0440\u0430\u0442\u043d\u0438\u043c-\u0434\u043d\u043e\u043c\/","og_locale":"sr_RS","og_type":"article","og_title":"Po\u0161lji povpra\u0161evanje | Papirol","og_description":"Vre\u010dke s \u0161tirikotnim dnom","og_url":"https:\/\/papirol.si\/sr\/\u0430\u043d\u043a\u0435\u0442\u0430\/\u0442\u043e\u0440\u0431\u0435-\u0441\u0430-\u043a\u0432\u0430\u0434\u0440\u0430\u0442\u043d\u0438\u043c-\u0434\u043d\u043e\u043c\/","og_site_name":"Papirol","article_modified_time":"2020-02-02T17:09:17+00:00","twitter_card":"summary_large_image","schema":{"@context":"https:\/\/schema.org","@graph":[{"@type":"WebPage","@id":"https:\/\/papirol.si\/povprasevanje\/vrecke-stirikotno-dno\/","url":"https:\/\/papirol.si\/povprasevanje\/vrecke-stirikotno-dno\/","name":"\u041f\u043e\u0448\u0430\u0459\u0438\u0442\u0435 \u0443\u043f\u0438\u0442 | \u041f\u0430\u043f\u0438\u0440\u043e\u043b","isPartOf":{"@id":"https:\/\/papirol.si\/#website"},"datePublished":"2018-07-28T14:07:51+00:00","dateModified":"2020-02-02T17:09:17+00:00","breadcrumb":{"@id":"https:\/\/papirol.si\/povprasevanje\/vrecke-stirikotno-dno\/#breadcrumb"},"inLanguage":"sr-RS","potentialAction":[{"@type":"ReadAction","target":["https:\/\/papirol.si\/povprasevanje\/vrecke-stirikotno-dno\/"]}]},{"@type":"BreadcrumbList","@id":"https:\/\/papirol.si\/povprasevanje\/vrecke-stirikotno-dno\/#breadcrumb","itemListElement":[{"@type":"ListItem","position":1,"name":"Home","item":"https:\/\/papirol.si\/"},{"@type":"ListItem","position":2,"name":"Povpra\u0161evanje","item":"https:\/\/papirol.si\/povprasevanje\/"},{"@type":"ListItem","position":3,"name":"Po\u0161lji povpra\u0161evanje"}]},{"@type":"WebSite","@id":"https:\/\/papirol.si\/#website","url":"https:\/\/papirol.si\/","name":"\u041f\u0430\u043f\u0438\u0440\u043e\u043b","description":"\u0412\u0435\u045b 36 \u0433\u043e\u0434\u0438\u043d\u0430 \u043e\u0431\u043b\u0430\u0447\u0438\u043c\u043e \u0432\u0430\u0448\u0435 \u043f\u0440\u043e\u0438\u0437\u0432\u043e\u0434\u0435!","publisher":{"@id":"https:\/\/papirol.si\/#organization"},"potentialAction":[{"@type":"SearchAction","target":{"@type":"EntryPoint","urlTemplate":"https:\/\/papirol.si\/?s={search_term_string}"},"query-input":{"@type":"PropertyValueSpecification","valueRequired":true,"valueName":"search_term_string"}}],"inLanguage":"sr-RS"},{"@type":"Organization","@id":"https:\/\/papirol.si\/#organization","name":"\u041f\u0430\u043f\u0438\u0440\u043e\u043b","url":"https:\/\/papirol.si\/","logo":{"@type":"ImageObject","inLanguage":"sr-RS","@id":"https:\/\/papirol.si\/#\/schema\/logo\/image\/","url":"https:\/\/papirol.si\/wp-content\/uploads\/2019\/12\/papirol-bela.png","contentUrl":"https:\/\/papirol.si\/wp-content\/uploads\/2019\/12\/papirol-bela.png","width":400,"height":80,"caption":"Papirol"},"image":{"@id":"https:\/\/papirol.si\/#\/schema\/logo\/image\/"}}]}},"_links":{"self":[{"href":"https:\/\/papirol.si\/sr\/wp-json\/wp\/v2\/pages\/2487","targetHints":{"allow":["GET"]}}],"collection":[{"href":"https:\/\/papirol.si\/sr\/wp-json\/wp\/v2\/pages"}],"about":[{"href":"https:\/\/papirol.si\/sr\/wp-json\/wp\/v2\/types\/page"}],"author":[{"embeddable":true,"href":"https:\/\/papirol.si\/sr\/wp-json\/wp\/v2\/users\/5"}],"replies":[{"embeddable":true,"href":"https:\/\/papirol.si\/sr\/wp-json\/wp\/v2\/comments?post=2487"}],"version-history":[{"count":4,"href":"https:\/\/papirol.si\/sr\/wp-json\/wp\/v2\/pages\/2487\/revisions"}],"predecessor-version":[{"id":3685,"href":"https:\/\/papirol.si\/sr\/wp-json\/wp\/v2\/pages\/2487\/revisions\/3685"}],"up":[{"embeddable":true,"href":"https:\/\/papirol.si\/sr\/wp-json\/wp\/v2\/pages\/2186"}],"wp:attachment":[{"href":"https:\/\/papirol.si\/sr\/wp-json\/wp\/v2\/media?parent=2487"}],"curies":[{"name":"wp","href":"https:\/\/api.w.org\/{rel}","templated":true}]}}