{"id":2512,"date":"2018-07-28T16:07:51","date_gmt":"2018-07-28T14:07:51","guid":{"rendered":"https:\/\/papirol.si\/povprasevanje\/hotelske-vrecke-2\/"},"modified":"2020-02-02T17:14:09","modified_gmt":"2020-02-02T16:14:09","slug":"%d0%bf%d0%be%d0%ba%d0%bb%d0%be%d0%bf%d0%bd%d0%b0-%d1%85%d0%b0%d1%80%d1%82%d0%b8%d1%98%d0%b0-3","status":"publish","type":"page","link":"https:\/\/papirol.si\/sr\/povprasevanje\/ovijalni-embalazni-papir\/","title":{"rendered":"\u041f\u043e\u0448\u0430\u0459\u0438\u0442\u0435 \u0443\u043f\u0438\u0442"},"content":{"rendered":"<div data-elementor-type=\"wp-post\" data-elementor-id=\"2512\" class=\"elementor elementor-2512\" data-elementor-post-type=\"page\">\n\t\t\t\t\t\t<section class=\"elementor-section elementor-top-section elementor-element elementor-element-c1153d9 elementor-section-boxed elementor-section-height-default elementor-section-height-default\" data-id=\"c1153d9\" data-element_type=\"section\" data-e-type=\"section\">\n\t\t\t\t\t\t<div class=\"elementor-container elementor-column-gap-default\">\n\t\t\t\t\t<div class=\"elementor-column elementor-col-100 elementor-top-column elementor-element elementor-element-3cca13e elementor-invisible\" data-id=\"3cca13e\" data-element_type=\"column\" data-e-type=\"column\" data-settings=\"{&quot;animation&quot;:&quot;fadeIn&quot;,&quot;animation_delay&quot;:200}\">\n\t\t\t<div class=\"elementor-widget-wrap elementor-element-populated\">\n\t\t\t\t\t\t<div class=\"elementor-element elementor-element-afc7b30 elementor-widget elementor-widget-heading\" data-id=\"afc7b30\" data-element_type=\"widget\" data-e-type=\"widget\" data-widget_type=\"heading.default\">\n\t\t\t\t\t<h2 class=\"elementor-heading-title elementor-size-default elementor-heading-title elementor-align-after-center\">\u0423\u043c\u043e\u0442\u0430\u0432\u0430\u045a\u0435, \u043f\u0430\u043a\u043e\u0432\u0430\u045a\u0435 \u0438 \u043f\u0430\u043f\u0438\u0440 \u0443 \u043b\u0438\u0441\u0442\u0438\u045b\u0438\u043c\u0430<\/h2>\t\t\t\t<\/div>\n\t\t\t\t<div class=\"elementor-element elementor-element-830e318 elementor-widget elementor-widget-shortcode\" data-id=\"830e318\" data-element_type=\"widget\" data-e-type=\"widget\" data-widget_type=\"shortcode.default\">\n\t\t\t\t\t\t\t<div class=\"elementor-shortcode\">\n<div class=\"wpcf7 no-js\" id=\"wpcf7-f2522-o1\" lang=\"sl-SI\" dir=\"ltr\" data-wpcf7-id=\"2522\">\n<div class=\"screen-reader-response\"><p role=\"status\" aria-live=\"polite\" aria-atomic=\"true\"><\/p> <ul><\/ul><\/div>\n<form action=\"\/sr\/wp-json\/wp\/v2\/pages\/2512#wpcf7-f2522-o1\" method=\"post\" class=\"wpcf7-form init\" aria-label=\"Contact form\" novalidate=\"novalidate\" data-status=\"init\" data-trp-original-action=\"\/sr\/wp-json\/wp\/v2\/pages\/2512#wpcf7-f2522-o1\">\n<fieldset class=\"hidden-fields-container\"><input type=\"hidden\" name=\"_wpcf7\" value=\"2522\" \/><input type=\"hidden\" name=\"_wpcf7_version\" value=\"6.1.5\" \/><input type=\"hidden\" name=\"_wpcf7_locale\" value=\"sl_SI\" \/><input type=\"hidden\" name=\"_wpcf7_unit_tag\" value=\"wpcf7-f2522-o1\" \/><input type=\"hidden\" name=\"_wpcf7_container_post\" value=\"0\" \/><input type=\"hidden\" name=\"_wpcf7_posted_data_hash\" value=\"\" \/><input type=\"hidden\" name=\"_wpcf7_recaptcha_response\" value=\"\" \/>\n<\/fieldset>\n<div id=\"pform\">\n\t<p><label> \u0412\u0430\u0448\u0435 \u0438\u043c\u0435 *<br \/>\n<span class=\"wpcf7-form-control-wrap\" data-name=\"ime\"><input size=\"40\" maxlength=\"400\" class=\"wpcf7-form-control wpcf7-text wpcf7-validates-as-required\" aria-required=\"true\" aria-invalid=\"false\" value=\"\" type=\"text\" name=\"ime\" \/><\/span><br \/>\n<\/label>\n\t<\/p>\n\t<p><label> \u0412\u0430\u0448 \u0438\u043c\u0435\u0458\u043b *<br \/>\n<span class=\"wpcf7-form-control-wrap\" data-name=\"email\"><input size=\"40\" maxlength=\"400\" class=\"wpcf7-form-control wpcf7-email wpcf7-validates-as-required wpcf7-text wpcf7-validates-as-email\" aria-required=\"true\" aria-invalid=\"false\" value=\"\" type=\"email\" name=\"email\" \/><\/span><br \/>\n<\/label>\n\t<\/p>\n\t<div class=\"sep\">\n\t<\/div>\n\t<div>\n\t\t<p><label>\u0412\u0440\u0441\u0442\u0430 \u0440\u0430\u0434\u0430<\/label><span class=\"wpcf7-form-control-wrap\" data-name=\"papir\"><span class=\"wpcf7-form-control wpcf7-checkbox\"><span class=\"wpcf7-list-item first\"><label><input type=\"checkbox\" name=\"papir[]\" value=\"Havana papir\" \/><span class=\"wpcf7-list-item-label\">\u0425\u0430\u0432\u0430\u043d\u0441\u043a\u0438 \u043f\u0430\u043f\u0438\u0440<\/span><\/label><\/span><span class=\"wpcf7-list-item\"><label><input type=\"checkbox\" name=\"papir[]\" value=\"Klobu\u010dni papir\" \/><span class=\"wpcf7-list-item-label\">\u0422\u043a\u0438\u0432\u0430 \u043f\u0430\u043f\u0438\u0440<\/span><\/label><\/span><span class=\"wpcf7-list-item\"><label><input type=\"checkbox\" name=\"papir[]\" value=\"Papirolex ma\u0161\u010doboodporni\" \/><span class=\"wpcf7-list-item-label\">\u041f\u0430\u043f\u0438\u0440\u043e\u043b\u0435\u043a\u0441 \u043e\u0442\u043f\u043e\u0440\u0430\u043d \u043d\u0430 \u043c\u0430\u0441\u043d\u043e\u045b\u0443<\/span><\/label><\/span><span class=\"wpcf7-list-item\"><label><input type=\"checkbox\" name=\"papir[]\" value=\"Papirolfol ma\u0161\u010doboodporni\" \/><span class=\"wpcf7-list-item-label\">\u041f\u0430\u043f\u0438\u0440\u043e\u043b\u0444\u043e\u043b \u043e\u0442\u043f\u043e\u0440\u0430\u043d \u043d\u0430 \u043c\u0430\u0441\u043d\u043e\u045b\u0443<\/span><\/label><\/span><span class=\"wpcf7-list-item\"><label><input type=\"checkbox\" name=\"papir[]\" value=\"Peki papir\" \/><span class=\"wpcf7-list-item-label\">\u041f\u0435\u0440\u0433\u0430\u043c\u0435\u043d\u0442 \u0437\u0430 \u043f\u0435\u0447\u0435\u045a\u0435<\/span><\/label><\/span><span class=\"wpcf7-list-item last\"><label><input type=\"checkbox\" name=\"papir[]\" value=\"Ovojni papir\" \/><span class=\"wpcf7-list-item-label\">\u041e\u043c\u043e\u0442 \u0437\u0430 \u043f\u043e\u043a\u043b\u043e\u043d\u0435<\/span><\/label><\/span><\/span><\/span>\n\t\t<\/p>\n\t<\/div>\n\t<div>\n\t\t<p><label>\u0414\u0438\u043c\u0435\u043d\u0437\u0438\u0458\u0435 <b>\u0425\u0430\u0432\u0430\u043d\u0441\u043a\u0438 \u043f\u0430\u043f\u0438\u0440<\/b><\/label><br \/>\n<span class=\"wpcf7-form-control-wrap\" data-name=\"dimen-havana\"><span class=\"wpcf7-form-control wpcf7-checkbox\"><span class=\"wpcf7-list-item first\"><label><input type=\"checkbox\" name=\"dimen-havana[]\" value=\"70x100 cm\" \/><span class=\"wpcf7-list-item-label\">70 x 100 \u0446\u043c<\/span><\/label><\/span><span class=\"wpcf7-list-item last\"><label><input type=\"checkbox\" name=\"dimen-havana[]\" value=\"40x50 cm\" \/><span class=\"wpcf7-list-item-label\">40 x 50 \u0446\u043c<\/span><\/label><\/span><\/span><\/span>\n\t\t<\/p>\n\t<\/div>\n\t<div>\n\t\t<p><label>\u0414\u0438\u043c\u0435\u043d\u0437\u0438\u0458\u0435 <b>\u0445\u0430\u0440\u0442\u0438\u0458\u0430 \u0437\u0430 \u0443\u043c\u043e\u0442a\u0432\u0430\u045a\u0435<\/b><\/label><br \/>\n<span class=\"wpcf7-form-control-wrap\" data-name=\"dimen-klobuc\"><span class=\"wpcf7-form-control wpcf7-checkbox\"><span class=\"wpcf7-list-item first\"><label><input type=\"checkbox\" name=\"dimen-klobuc[]\" value=\"60x80 cm\" \/><span class=\"wpcf7-list-item-label\">60 x 80 \u0446\u043c<\/span><\/label><\/span><span class=\"wpcf7-list-item\"><label><input type=\"checkbox\" name=\"dimen-klobuc[]\" value=\"60x40 cm\" \/><span class=\"wpcf7-list-item-label\">60 x 40 \u0446\u043c<\/span><\/label><\/span><span class=\"wpcf7-list-item last\"><label><input type=\"checkbox\" name=\"dimen-klobuc[]\" value=\"rola: 70 cm\" \/><span class=\"wpcf7-list-item-label\">\u043f\u0440\u0435\u0447\u043d\u0438\u043a: 70 \u0446\u043c<\/span><\/label><\/span><\/span><\/span>\n\t\t<\/p>\n\t<\/div>\n\t<div>\n\t\t<p><label>\u0414\u0438\u043c\u0435\u043d\u0437\u0438\u0458\u0435 <b>\u041f\u0430\u043f\u0438\u0440\u043e\u043b\u0435\u043a\u0441 \u043e\u0442\u043f\u043e\u0440\u0430\u043d \u043d\u0430 \u043c\u0430\u0441\u043d\u043e\u045b\u0443<\/b><\/label><br \/>\n<span class=\"wpcf7-form-control-wrap\" data-name=\"dimen-papirolex\"><span class=\"wpcf7-form-control wpcf7-checkbox\"><span class=\"wpcf7-list-item first last\"><label><input type=\"checkbox\" name=\"dimen-papirolex[]\" value=\"40x50 cm\" \/><span class=\"wpcf7-list-item-label\">40 x 50 \u0446\u043c<\/span><\/label><\/span><\/span><\/span>\n\t\t<\/p>\n\t<\/div>\n\t<div>\n\t\t<p><label>\u0414\u0438\u043c\u0435\u043d\u0437\u0438\u0458\u0435 <b>\u041f\u0430\u043f\u0438\u0440\u043e\u043b\u0444\u043e\u043b \u043e\u0442\u043f\u043e\u0440\u0430\u043d \u043d\u0430 \u043c\u0430\u0441\u043d\u043e\u045b\u0443<\/b><\/label><br \/>\n<span class=\"wpcf7-form-control-wrap\" data-name=\"dimen-papirolfol\"><span class=\"wpcf7-form-control wpcf7-checkbox\"><span class=\"wpcf7-list-item first\"><label><input type=\"checkbox\" name=\"dimen-papirolfol[]\" value=\"25x37 cm\" \/><span class=\"wpcf7-list-item-label\">25 x 37 \u0446\u043c<\/span><\/label><\/span><span class=\"wpcf7-list-item\"><label><input type=\"checkbox\" name=\"dimen-papirolfol[]\" value=\"33x33 cm\" \/><span class=\"wpcf7-list-item-label\">33 x 33 \u0446\u043c<\/span><\/label><\/span><span class=\"wpcf7-list-item\"><label><input type=\"checkbox\" name=\"dimen-papirolfol[]\" value=\"37x50 cm\" \/><span class=\"wpcf7-list-item-label\">37 x 50 \u0446\u043c<\/span><\/label><\/span><span class=\"wpcf7-list-item\"><label><input type=\"checkbox\" name=\"dimen-papirolfol[]\" value=\"50x75 cm\" \/><span class=\"wpcf7-list-item-label\">50 x 75 \u0446\u043c<\/span><\/label><\/span><span class=\"wpcf7-list-item last\"><label><input type=\"checkbox\" name=\"dimen-papirolfol[]\" value=\"75x100 cm\" \/><span class=\"wpcf7-list-item-label\">75 x 100 \u0446\u043c<\/span><\/label><\/span><\/span><\/span>\n\t\t<\/p>\n\t<\/div>\n\t<div>\n\t\t<p><label>\u0414\u0438\u043c\u0435\u043d\u0437\u0438\u0458\u0435 <b>\u043f\u0435\u0440\u0433\u0430\u043c\u0435\u043d\u0442 \u043f\u0430\u043f\u0438\u0440<\/b><\/label><br \/>\n<span class=\"wpcf7-form-control-wrap\" data-name=\"dimen-peki\"><span class=\"wpcf7-form-control wpcf7-checkbox\"><span class=\"wpcf7-list-item first\"><label><input type=\"checkbox\" name=\"dimen-peki[]\" value=\"40x60 cm\" \/><span class=\"wpcf7-list-item-label\">40 x 60 \u0446\u043c<\/span><\/label><\/span><span class=\"wpcf7-list-item\"><label><input type=\"checkbox\" name=\"dimen-peki[]\" value=\"57x78 cm\" \/><span class=\"wpcf7-list-item-label\">57 x 78 \u0446\u043c<\/span><\/label><\/span><span class=\"wpcf7-list-item\"><label><input type=\"checkbox\" name=\"dimen-peki[]\" value=\"60x80 cm\" \/><span class=\"wpcf7-list-item-label\">60 x 80 \u0446\u043c<\/span><\/label><\/span><span class=\"wpcf7-list-item\"><label><input type=\"checkbox\" name=\"dimen-peki[]\" value=\"57x90 cm\" \/><span class=\"wpcf7-list-item-label\">57 x 90 \u0446\u043c<\/span><\/label><\/span><span class=\"wpcf7-list-item\"><label><input type=\"checkbox\" name=\"dimen-peki[]\" value=\"rola: 57 cm\" \/><span class=\"wpcf7-list-item-label\">\u043f\u0440\u0435\u0447\u043d\u0438\u043a: 57 \u0446\u043c<\/span><\/label><\/span><span class=\"wpcf7-list-item\"><label><input type=\"checkbox\" name=\"dimen-peki[]\" value=\"rola: 60 cm\" \/><span class=\"wpcf7-list-item-label\">\u043f\u0440\u0435\u0447\u043d\u0438\u043a: 60 \u0446\u043c<\/span><\/label><\/span><span class=\"wpcf7-list-item last\"><label><input type=\"checkbox\" name=\"dimen-peki[]\" value=\"rola: 80 cm\" \/><span class=\"wpcf7-list-item-label\">\u043f\u0440\u0435\u0447\u043d\u0438\u043a: 80 \u0446\u043c<\/span><\/label><\/span><\/span><\/span>\n\t\t<\/p>\n\t<\/div>\n\t<div>\n\t\t<p><label>\u0414\u0438\u043c\u0435\u043d\u0437\u0438\u0458\u0435 <b>\u043f\u043e\u043a\u043b\u043e\u043f\u043d\u0430 \u0445\u0430\u0440\u0442\u0438\u0458\u0430<\/b><\/label><br \/>\n<span class=\"wpcf7-form-control-wrap\" data-name=\"dimen-ovojni\"><span class=\"wpcf7-form-control wpcf7-checkbox\"><span class=\"wpcf7-list-item first\"><label><input type=\"checkbox\" name=\"dimen-ovojni[]\" value=\"natura 40 gr, 70 cm\" \/><span class=\"wpcf7-list-item-label\">\u041d\u0430\u0442\u0443\u0440\u0430 40 \u0433, 70 \u0446\u043c<\/span><\/label><\/span><span class=\"wpcf7-list-item\"><label><input type=\"checkbox\" name=\"dimen-ovojni[]\" value=\"natura 40 gr, 60 cm\" \/><span class=\"wpcf7-list-item-label\">\u041d\u0430\u0442\u0443\u0440\u0430 40 \u0433, 60 \u0446\u043c<\/span><\/label><\/span><span class=\"wpcf7-list-item\"><label><input type=\"checkbox\" name=\"dimen-ovojni[]\" value=\"natura 70 gr, 75 cm\" \/><span class=\"wpcf7-list-item-label\">\u041d\u0430\u0442\u0443\u0440\u0430 70 \u0433, 75 \u0446\u043c<\/span><\/label><\/span><span class=\"wpcf7-list-item\"><label><input type=\"checkbox\" name=\"dimen-ovojni[]\" value=\"natura 70 gr, 100 cm\" \/><span class=\"wpcf7-list-item-label\">\u041d\u0430\u0442\u0443\u0440\u0430 70 \u0433, 100 \u0446\u043c<\/span><\/label><\/span><span class=\"wpcf7-list-item\"><label><input type=\"checkbox\" name=\"dimen-ovojni[]\" value=\"bela natura 40 gr, 70 cm\" \/><span class=\"wpcf7-list-item-label\">\u0412\u0430\u0458\u0442 \u041d\u0430\u0442\u0443\u0440\u0430 40 \u0433, 70 \u0446\u043c<\/span><\/label><\/span><span class=\"wpcf7-list-item last\"><label><input type=\"checkbox\" name=\"dimen-ovojni[]\" value=\"bela natura 25 gr, 70 cm\" \/><span class=\"wpcf7-list-item-label\">\u0411\u0435\u043b\u0430 \u041d\u0430\u0442\u0443\u0440\u0430 25 \u0433, 70 \u0446\u043c<\/span><\/label><\/span><\/span><\/span>\n\t\t<\/p>\n\t<\/div>\n\t<p><label> \u041a\u043e\u043b\u0438\u0447\u0438\u043d\u0430<br \/>\n<span class=\"wpcf7-form-control-wrap\" data-name=\"kolicina\"><input size=\"40\" maxlength=\"400\" class=\"wpcf7-form-control wpcf7-text\" aria-invalid=\"false\" placeholder=\"\u0423\u043d\u0435\u0441\u0438\u0442\u0435 \u0436\u0435\u0459\u0435\u043d\u0443 \u043a\u043e\u043b\u0438\u0447\u0438\u043d\u0443\" value=\"\" type=\"text\" name=\"kolicina\" \/><\/span><br \/>\n<\/label>\n\t<\/p>\n\t<div class=\"sep\">\n\t<\/div>\n\t<p><label> \u0418\u043c\u0430\u0442\u0435 \u043b\u0438 \u0458\u043e\u0448 \u043d\u0435\u043a\u0438\u0445 \u043f\u0438\u0442\u0430\u045a\u0430, \u0441\u0430\u0432\u0435\u0442\u0430 \u0438\u0442\u0434.<br \/>\n<span class=\"wpcf7-form-control-wrap\" data-name=\"your-message\"><textarea cols=\"40\" rows=\"10\" maxlength=\"2000\" class=\"wpcf7-form-control wpcf7-textarea\" aria-invalid=\"false\" name=\"your-message\"><\/textarea><\/span><br \/>\n<\/label>\n\t<\/p>\n\t<div id=\"pform-send\">\n\t\t<p><input class=\"wpcf7-form-control wpcf7-submit has-spinner\" type=\"submit\" value=\"\u041f\u043e\u0448\u0430\u0459\u0438\" \/>\n\t\t<\/p>\n\t<\/div>\n\t<div id=\"pform-help\">\n\t\t<p>\u0414\u0430 \u043b\u0438 \u0432\u0430\u043c \u0442\u0440\u0435\u0431\u0430 \u043f\u043e\u043c\u043e\u045b \u043f\u0440\u0438 \u043f\u043e\u043f\u0443\u045a\u0430\u0432\u0430\u045a\u0443 \u043e\u0431\u0440\u0430\u0441\u0446\u0430 \u0438\u043b\u0438 \u0438\u043c\u0430\u0442\u0435 \u0458\u043e\u0448 \u043d\u0435\u043a\u0438\u0445 \u043f\u0438\u0442\u0430\u045a\u0430?<a href=\"tel:+38651339399\">+386 (0)51 339 399<\/a>\n\t\t<\/p>\n\t<\/div>\n<\/div><div class=\"wpcf7-response-output\" aria-hidden=\"true\"><\/div>\n<input type=\"hidden\" name=\"trp-form-language\" value=\"sr\"\/><\/form>\n<\/div>\n<\/div>\n\t\t\t\t\t\t<\/div>\n\t\t\t\t\t<\/div>\n\t\t<\/div>\n\t\t\t\t\t<\/div>\n\t\t<\/section>\n\t\t\t\t<\/div>","protected":false},"excerpt":{"rendered":"<p>\u0423\u043c\u043e\u0442\u0430\u0432\u0430\u045a\u0435, \u043f\u0430\u043a\u043e\u0432\u0430\u045a\u0435 \u0438 \u043f\u0430\u043f\u0438\u0440 \u0443 \u043b\u0438\u0441\u0442\u0438\u045b\u0438\u043c\u0430<\/p>","protected":false},"author":5,"featured_media":0,"parent":2186,"menu_order":0,"comment_status":"closed","ping_status":"closed","template":"elementor_header_footer","meta":{"footnotes":""},"class_list":["post-2512","page","type-page","status-publish","hentry"],"yoast_head":"<!-- This site is optimized with the Yoast SEO plugin v27.3 - https:\/\/yoast.com\/product\/yoast-seo-wordpress\/ -->\n<title>Po\u0161lji povpra\u0161evanje | Papirol<\/title>\n<meta name=\"robots\" content=\"index, follow, max-snippet:-1, max-image-preview:large, max-video-preview:-1\" \/>\n<link rel=\"canonical\" href=\"https:\/\/papirol.si\/sr\/\u0430\u043d\u043a\u0435\u0442\u0430\/\u043f\u043e\u043a\u043b\u043e\u043f\u043d\u0430-\u0445\u0430\u0440\u0442\u0438\u0458\u0430-3\/\" \/>\n<meta property=\"og:locale\" content=\"sr_RS\" \/>\n<meta property=\"og:type\" content=\"article\" \/>\n<meta property=\"og:title\" content=\"Po\u0161lji povpra\u0161evanje | Papirol\" \/>\n<meta property=\"og:description\" content=\"Ovijalni, embala\u017eni in papir v formatu\" \/>\n<meta property=\"og:url\" content=\"https:\/\/papirol.si\/sr\/\u0430\u043d\u043a\u0435\u0442\u0430\/\u043f\u043e\u043a\u043b\u043e\u043f\u043d\u0430-\u0445\u0430\u0440\u0442\u0438\u0458\u0430-3\/\" \/>\n<meta property=\"og:site_name\" content=\"Papirol\" \/>\n<meta property=\"article:modified_time\" content=\"2020-02-02T16:14:09+00:00\" \/>\n<meta name=\"twitter:card\" content=\"summary_large_image\" \/>\n<script type=\"application\/ld+json\" class=\"yoast-schema-graph\">{\"@context\":\"https:\\\/\\\/schema.org\",\"@graph\":[{\"@type\":\"WebPage\",\"@id\":\"https:\\\/\\\/papirol.si\\\/povprasevanje\\\/ovijalni-embalazni-papir\\\/\",\"url\":\"https:\\\/\\\/papirol.si\\\/povprasevanje\\\/ovijalni-embalazni-papir\\\/\",\"name\":\"Po\u0161lji povpra\u0161evanje | Papirol\",\"isPartOf\":{\"@id\":\"https:\\\/\\\/papirol.si\\\/#website\"},\"datePublished\":\"2018-07-28T14:07:51+00:00\",\"dateModified\":\"2020-02-02T16:14:09+00:00\",\"breadcrumb\":{\"@id\":\"https:\\\/\\\/papirol.si\\\/povprasevanje\\\/ovijalni-embalazni-papir\\\/#breadcrumb\"},\"inLanguage\":\"sr-RS\",\"potentialAction\":[{\"@type\":\"ReadAction\",\"target\":[\"https:\\\/\\\/papirol.si\\\/povprasevanje\\\/ovijalni-embalazni-papir\\\/\"]}]},{\"@type\":\"BreadcrumbList\",\"@id\":\"https:\\\/\\\/papirol.si\\\/povprasevanje\\\/ovijalni-embalazni-papir\\\/#breadcrumb\",\"itemListElement\":[{\"@type\":\"ListItem\",\"position\":1,\"name\":\"Home\",\"item\":\"https:\\\/\\\/papirol.si\\\/\"},{\"@type\":\"ListItem\",\"position\":2,\"name\":\"Povpra\u0161evanje\",\"item\":\"https:\\\/\\\/papirol.si\\\/povprasevanje\\\/\"},{\"@type\":\"ListItem\",\"position\":3,\"name\":\"Po\u0161lji povpra\u0161evanje\"}]},{\"@type\":\"WebSite\",\"@id\":\"https:\\\/\\\/papirol.si\\\/#website\",\"url\":\"https:\\\/\\\/papirol.si\\\/\",\"name\":\"Papirol\",\"description\":\"Obla\u010dimo va\u0161e izdelke \u017ee 36 let!\",\"publisher\":{\"@id\":\"https:\\\/\\\/papirol.si\\\/#organization\"},\"potentialAction\":[{\"@type\":\"SearchAction\",\"target\":{\"@type\":\"EntryPoint\",\"urlTemplate\":\"https:\\\/\\\/papirol.si\\\/?s={search_term_string}\"},\"query-input\":{\"@type\":\"PropertyValueSpecification\",\"valueRequired\":true,\"valueName\":\"search_term_string\"}}],\"inLanguage\":\"sr-RS\"},{\"@type\":\"Organization\",\"@id\":\"https:\\\/\\\/papirol.si\\\/#organization\",\"name\":\"Papirol\",\"url\":\"https:\\\/\\\/papirol.si\\\/\",\"logo\":{\"@type\":\"ImageObject\",\"inLanguage\":\"sr-RS\",\"@id\":\"https:\\\/\\\/papirol.si\\\/#\\\/schema\\\/logo\\\/image\\\/\",\"url\":\"https:\\\/\\\/papirol.si\\\/wp-content\\\/uploads\\\/2019\\\/12\\\/papirol-bela.png\",\"contentUrl\":\"https:\\\/\\\/papirol.si\\\/wp-content\\\/uploads\\\/2019\\\/12\\\/papirol-bela.png\",\"width\":400,\"height\":80,\"caption\":\"Papirol\"},\"image\":{\"@id\":\"https:\\\/\\\/papirol.si\\\/#\\\/schema\\\/logo\\\/image\\\/\"}}]}<\/script>\n<!-- \/ Yoast SEO plugin. -->","yoast_head_json":{"title":"\u041f\u043e\u0448\u0430\u0459\u0438\u0442\u0435 \u0443\u043f\u0438\u0442 | \u041f\u0430\u043f\u0438\u0440\u043e\u043b","robots":{"index":"index","follow":"follow","max-snippet":"max-snippet:-1","max-image-preview":"max-image-preview:large","max-video-preview":"max-video-preview:-1"},"canonical":"https:\/\/papirol.si\/sr\/\u0430\u043d\u043a\u0435\u0442\u0430\/\u043f\u043e\u043a\u043b\u043e\u043f\u043d\u0430-\u0445\u0430\u0440\u0442\u0438\u0458\u0430-3\/","og_locale":"sr_RS","og_type":"article","og_title":"Po\u0161lji povpra\u0161evanje | Papirol","og_description":"Ovijalni, embala\u017eni in papir v formatu","og_url":"https:\/\/papirol.si\/sr\/\u0430\u043d\u043a\u0435\u0442\u0430\/\u043f\u043e\u043a\u043b\u043e\u043f\u043d\u0430-\u0445\u0430\u0440\u0442\u0438\u0458\u0430-3\/","og_site_name":"Papirol","article_modified_time":"2020-02-02T16:14:09+00:00","twitter_card":"summary_large_image","schema":{"@context":"https:\/\/schema.org","@graph":[{"@type":"WebPage","@id":"https:\/\/papirol.si\/povprasevanje\/ovijalni-embalazni-papir\/","url":"https:\/\/papirol.si\/povprasevanje\/ovijalni-embalazni-papir\/","name":"\u041f\u043e\u0448\u0430\u0459\u0438\u0442\u0435 \u0443\u043f\u0438\u0442 | \u041f\u0430\u043f\u0438\u0440\u043e\u043b","isPartOf":{"@id":"https:\/\/papirol.si\/#website"},"datePublished":"2018-07-28T14:07:51+00:00","dateModified":"2020-02-02T16:14:09+00:00","breadcrumb":{"@id":"https:\/\/papirol.si\/povprasevanje\/ovijalni-embalazni-papir\/#breadcrumb"},"inLanguage":"sr-RS","potentialAction":[{"@type":"ReadAction","target":["https:\/\/papirol.si\/povprasevanje\/ovijalni-embalazni-papir\/"]}]},{"@type":"BreadcrumbList","@id":"https:\/\/papirol.si\/povprasevanje\/ovijalni-embalazni-papir\/#breadcrumb","itemListElement":[{"@type":"ListItem","position":1,"name":"Home","item":"https:\/\/papirol.si\/"},{"@type":"ListItem","position":2,"name":"Povpra\u0161evanje","item":"https:\/\/papirol.si\/povprasevanje\/"},{"@type":"ListItem","position":3,"name":"Po\u0161lji povpra\u0161evanje"}]},{"@type":"WebSite","@id":"https:\/\/papirol.si\/#website","url":"https:\/\/papirol.si\/","name":"\u041f\u0430\u043f\u0438\u0440\u043e\u043b","description":"\u0412\u0435\u045b 36 \u0433\u043e\u0434\u0438\u043d\u0430 \u043e\u0431\u043b\u0430\u0447\u0438\u043c\u043e \u0432\u0430\u0448\u0435 \u043f\u0440\u043e\u0438\u0437\u0432\u043e\u0434\u0435!","publisher":{"@id":"https:\/\/papirol.si\/#organization"},"potentialAction":[{"@type":"SearchAction","target":{"@type":"EntryPoint","urlTemplate":"https:\/\/papirol.si\/?s={search_term_string}"},"query-input":{"@type":"PropertyValueSpecification","valueRequired":true,"valueName":"search_term_string"}}],"inLanguage":"sr-RS"},{"@type":"Organization","@id":"https:\/\/papirol.si\/#organization","name":"\u041f\u0430\u043f\u0438\u0440\u043e\u043b","url":"https:\/\/papirol.si\/","logo":{"@type":"ImageObject","inLanguage":"sr-RS","@id":"https:\/\/papirol.si\/#\/schema\/logo\/image\/","url":"https:\/\/papirol.si\/wp-content\/uploads\/2019\/12\/papirol-bela.png","contentUrl":"https:\/\/papirol.si\/wp-content\/uploads\/2019\/12\/papirol-bela.png","width":400,"height":80,"caption":"Papirol"},"image":{"@id":"https:\/\/papirol.si\/#\/schema\/logo\/image\/"}}]}},"_links":{"self":[{"href":"https:\/\/papirol.si\/sr\/wp-json\/wp\/v2\/pages\/2512","targetHints":{"allow":["GET"]}}],"collection":[{"href":"https:\/\/papirol.si\/sr\/wp-json\/wp\/v2\/pages"}],"about":[{"href":"https:\/\/papirol.si\/sr\/wp-json\/wp\/v2\/types\/page"}],"author":[{"embeddable":true,"href":"https:\/\/papirol.si\/sr\/wp-json\/wp\/v2\/users\/5"}],"replies":[{"embeddable":true,"href":"https:\/\/papirol.si\/sr\/wp-json\/wp\/v2\/comments?post=2512"}],"version-history":[{"count":2,"href":"https:\/\/papirol.si\/sr\/wp-json\/wp\/v2\/pages\/2512\/revisions"}],"predecessor-version":[{"id":2524,"href":"https:\/\/papirol.si\/sr\/wp-json\/wp\/v2\/pages\/2512\/revisions\/2524"}],"up":[{"embeddable":true,"href":"https:\/\/papirol.si\/sr\/wp-json\/wp\/v2\/pages\/2186"}],"wp:attachment":[{"href":"https:\/\/papirol.si\/sr\/wp-json\/wp\/v2\/media?parent=2512"}],"curies":[{"name":"wp","href":"https:\/\/api.w.org\/{rel}","templated":true}]}}