{"id":3787,"date":"2020-07-10T10:28:56","date_gmt":"2020-07-10T08:28:56","guid":{"rendered":"https:\/\/papirol.si\/?page_id=3787"},"modified":"2020-07-10T10:35:56","modified_gmt":"2020-07-10T08:35:56","slug":"%d1%85%d0%b0%d0%b2%d0%b0%d0%bd%d0%b0","status":"publish","type":"page","link":"https:\/\/papirol.si\/sr\/produktsortiment\/wickel-verpackungs-und-formatpapiere\/havana\/","title":{"rendered":"\u0425\u0430\u0432\u0430\u043d\u0430"},"content":{"rendered":"<div data-elementor-type=\"wp-page\" data-elementor-id=\"3787\" class=\"elementor elementor-3787\" data-elementor-post-type=\"page\">\n\t\t\t\t\t\t<section class=\"elementor-section elementor-top-section elementor-element elementor-element-267a2473 elementor-section-content-middle elementor-section-boxed elementor-section-height-default elementor-section-height-default\" data-id=\"267a2473\" data-element_type=\"section\" data-e-type=\"section\" id=\"produkt-bio\" data-settings=\"{&quot;background_background&quot;:&quot;classic&quot;}\">\n\t\t\t\t\t\t<div class=\"elementor-container elementor-column-gap-default\">\n\t\t\t\t\t<div class=\"elementor-column elementor-col-50 elementor-top-column elementor-element elementor-element-3d263b4e\" data-id=\"3d263b4e\" data-element_type=\"column\" data-e-type=\"column\">\n\t\t\t<div class=\"elementor-widget-wrap elementor-element-populated\">\n\t\t\t\t\t\t<div class=\"elementor-element elementor-element-059580b elementor-widget elementor-widget-image\" data-id=\"059580b\" data-element_type=\"widget\" data-e-type=\"widget\" data-widget_type=\"image.default\">\n\t\t\t\t\t\t\t\t\t\t\t\t\t\t\t<img fetchpriority=\"high\" decoding=\"async\" width=\"327\" height=\"219\" src=\"https:\/\/papirol.si\/wp-content\/uploads\/2019\/12\/Papir-v-formatu_r02xjqe2.png\" class=\"attachment-large size-large wp-image-1959\" alt=\"\" srcset=\"https:\/\/papirol.si\/wp-content\/uploads\/2019\/12\/Papir-v-formatu_r02xjqe2.png 327w, https:\/\/papirol.si\/wp-content\/uploads\/2019\/12\/Papir-v-formatu_r02xjqe2-300x201.png 300w, https:\/\/papirol.si\/wp-content\/uploads\/2019\/12\/Papir-v-formatu_r02xjqe2-285x191.png 285w, https:\/\/papirol.si\/wp-content\/uploads\/2019\/12\/Papir-v-formatu_r02xjqe2-150x100.png 150w\" sizes=\"(max-width: 327px) 100vw, 327px\" \/>\t\t\t\t\t\t\t\t\t\t\t\t\t\t\t<\/div>\n\t\t\t\t\t<\/div>\n\t\t<\/div>\n\t\t\t\t<div class=\"elementor-column elementor-col-50 elementor-top-column elementor-element elementor-element-5ba7d4cb\" data-id=\"5ba7d4cb\" data-element_type=\"column\" data-e-type=\"column\">\n\t\t\t<div class=\"elementor-widget-wrap elementor-element-populated\">\n\t\t\t\t\t\t<div class=\"elementor-element elementor-element-7dbdaefe elementor-widget elementor-widget-text-editor\" data-id=\"7dbdaefe\" data-element_type=\"widget\" data-e-type=\"widget\" data-widget_type=\"text-editor.default\">\n\t\t\t\t\t\t\t\t\t<p>Havana Papier \u0458\u0435 \u0458\u0435\u0434\u043d\u043e\u0441\u043b\u043e\u0458\u043d\u0438 \u043f\u0430\u043f\u0438\u0440 \u043e\u0442\u043f\u043e\u0440\u0430\u043d \u043d\u0430 \u043c\u0430\u0441\u043d\u043e\u045b\u0443 \u043a\u043e\u0458\u0438 \u0434\u0435\u043b\u0438\u043c\u0438\u0447\u043d\u043e \u0443\u043f\u0438\u0458\u0430 \u043c\u0430\u0441\u043d\u043e\u045b\u0443.<\/p><p>\u0423\u0433\u043b\u0430\u0432\u043d\u043e\u043c \u0441\u0435 \u043a\u043e\u0440\u0438\u0441\u0442\u0438 \u0443 \u043f\u0435\u043a\u0430\u0440\u0441\u043a\u043e\u0458, \u043c\u0435\u0441\u043d\u043e\u0458 \u0438 \u043f\u0440\u0435\u0445\u0440\u0430\u043c\u0431\u0435\u043d\u043e\u0458 \u0438\u043d\u0434\u0443\u0441\u0442\u0440\u0438\u0458\u0438.<\/p><p>\u0422\u043e \u0441\u043f\u0440\u0435\u0447\u0430\u0432\u0430 \u043a\u043e\u043d\u0442\u0430\u043a\u0442 \u043f\u0440\u043e\u0438\u0437\u0432\u043e\u0434\u0430 \u0441\u0430 \u043a\u0430\u0440\u0442\u043e\u043d\u0441\u043a\u043e\u043c \u0430\u043c\u0431\u0430\u043b\u0430\u0436\u043e\u043c, \u0447\u0438\u043d\u0435\u045b\u0438 \u0430\u043c\u0431\u0430\u043b\u0430\u0436\u0443 \u043f\u043e\u043d\u043e\u0432\u0459\u0438\u0432\u043e\u043c \u0437\u0430 \u0443\u043f\u043e\u0442\u0440\u0435\u0431\u0443. \u041c\u0435\u0452\u0443\u0442\u0438\u043c, \u0442\u043e \u0458\u0435 \u0442\u0430\u043a\u043e\u0452\u0435 \u0434\u043e\u0431\u0440\u043e \u0440\u0435\u0448\u0435\u045a\u0435 \u0430\u043a\u043e \u043a\u0430\u0440\u0442\u043e\u043d\u0441\u043a\u0430 \u0430\u043c\u0431\u0430\u043b\u0430\u0436\u0430 \u043d\u0438\u0458\u0435 \u043f\u0440\u043e\u0433\u043b\u0430\u0448\u0435\u043d\u0430 \u043f\u043e\u0433\u043e\u0434\u043d\u043e\u043c \u0437\u0430 \u043a\u043e\u043d\u0442\u0430\u043a\u0442 \u0441\u0430 \u0445\u0440\u0430\u043d\u043e\u043c.<\/p><p>\u0414\u043e\u0441\u0442\u0443\u043f\u043d\u043e \u0443 \u0434\u0432\u0435 \u0441\u0442\u0430\u043d\u0434\u0430\u0440\u0434\u043d\u0435 \u0432\u0435\u043b\u0438\u0447\u0438\u043d\u0435.<\/p><p>\u041f\u0430\u043f\u0438\u0440 \u0441\u0435 \u043c\u043e\u0436\u0435 \u0448\u0442\u0430\u043c\u043f\u0430\u0442\u0438 \u0441\u0430 \u043e\u0431\u0435 \u0441\u0442\u0440\u0430\u043d\u0435 \u0443 \u0432\u0438\u0448\u0435 \u0431\u043e\u0458\u0430.<\/p>\t\t\t\t\t\t\t\t<\/div>\n\t\t\t\t<div class=\"elementor-element elementor-element-71a5927c elementor-widget elementor-widget-text-editor\" data-id=\"71a5927c\" data-element_type=\"widget\" data-e-type=\"widget\" id=\"tisk-box\" data-widget_type=\"text-editor.default\">\n\t\t\t\t\t\t\t\t\t<h2>\u0428\u0442\u0430\u043c\u043f\u0430\u0458<\/h2><p>\u041e\u043c\u043e\u0442\u043d\u0430 \u043f\u0430\u043f\u0438\u0440 \u043c\u043e\u0436\u0435 \u0431\u0438\u0442\u0438 \u0448\u0442\u0430\u043c\u043f\u0430\u043d \u0443 \u0458\u0435\u0434\u043d\u043e\u0431\u043e\u0458\u043d\u0438\u043c \u0438\u043b\u0438 \u0432\u0438\u0448\u0435\u0431\u043e\u0458\u043d\u0438\u043c \u0434\u0438\u0437\u0430\u0458\u043d\u0438\u043c\u0430 \u043f\u043e \u043d\u0430\u0458\u0432\u0438\u0448\u0438\u043c \u0441\u0442\u0430\u043d\u0434\u0430\u0440\u0434\u0438\u043c\u0430.<\/p><p>\u041c\u043e\u0433\u0443\u045b\u043d\u043e\u0441\u0442 \u0448\u0442\u0430\u043c\u043f\u0430\u045a\u0430 \u0442\u043e\u043a\u043e\u043c \u043e\u0431\u0440\u0430\u0434\u0435 \u043f\u0430\u043f\u0438\u0440\u0430, \u0442\u0430\u043a\u043e \u0434\u0430 \u0441\u0435 \u0446\u0435\u043b\u0430 \u043f\u043e\u0432\u0440\u0448\u0438\u043d\u0430 \u043c\u043e\u0436\u0435 \u043e\u0434\u0448\u0442\u0430\u043c\u043f\u0430\u0442\u0438 \u0441\u0430 \u0458\u0435\u0434\u043d\u0435 \u0438\u043b\u0438 \u043e\u0431\u0435 \u0441\u0442\u0440\u0430\u043d\u0435.<\/p><p><br \/><strong>\u0422\u0435\u0445\u043d\u0438\u043a\u0435 \u0448\u0442\u0430\u043c\u043f\u0430\u045a\u0430:<\/strong><\/p><ul><li><p>\u0412\u0438\u0448\u0435\u0431\u043e\u0458\u043d\u0438 \u0444\u043b\u0435\u043a\u0441\u043e\u0433\u0440\u0430\u0444\u0441\u043a\u0438 \u0448\u0442\u0430\u043c\u043f \u043e\u0434 \u043f\u0440\u043e\u0438\u0437\u0432\u043e\u0434\u043d\u0435 \u043b\u0438\u043d\u0438\u0458\u0435 \u043d\u0430 \u0441\u0432\u0435 \u0432\u0440\u0441\u0442\u0435 \u043f\u0430\u043f\u0438\u0440\u0430 \u0437\u0430 \u0443\u043c\u043e\u0442\u0430\u0432\u0430\u045a\u0435<\/p><\/li><li><p>\u0432\u0438\u0448\u0435\u0431\u043e\u0458\u043d\u0438 \u0441\u0438\u0442\u043e\u0448\u0442\u0430\u043c\u043f \u043d\u0430 \u0441\u0432\u0438\u043c \u0432\u0440\u0441\u0442\u0430\u043c\u0430 \u043f\u0430\u043f\u0438\u0440\u0430 \u0437\u0430 \u0443\u043c\u043e\u0442\u0430\u0432\u0430\u045a\u0435<\/p><\/li><\/ul><p><strong>\u0428\u0442\u0430\u043c\u043f\u0430\u0458:<\/strong><\/p><ul><li><p>\u043a\u043e\u043d\u0442\u0438\u043d\u0443\u0438\u0440\u0430\u043d\u0438 \u0438\u043b\u0438 \u043f\u043e\u0458\u0435\u0434\u0438\u043d\u0430\u0447\u043d\u0438, \u0432\u0438\u0448\u0435\u0431\u043e\u0458\u043d\u0438 \u0448\u0442\u0430\u043c\u043f\u0430\u045a\u0435, \u0458\u0435\u0434\u043d\u043e\u0441\u0442\u0440\u0430\u043d\u043e \u0438\u043b\u0438 \u0434\u0432\u043e\u0441\u0442\u0440\u0430\u043d\u043e<\/p><\/li><li><p>\u043f\u0440\u0435\u043a\u043e \u0446\u0435\u043b\u0435 \u043f\u043e\u0432\u0440\u0448\u0438\u043d\u0435, \u0441\u0430 \u0458\u0435\u0434\u043d\u0435 \u0438\u043b\u0438 \u043e\u0431\u0435 \u0441\u0442\u0440\u0430\u043d\u0435<\/p><\/li><\/ul>\t\t\t\t\t\t\t\t<\/div>\n\t\t\t\t\t<\/div>\n\t\t<\/div>\n\t\t\t\t\t<\/div>\n\t\t<\/section>\n\t\t\t\t<section class=\"elementor-section elementor-top-section elementor-element elementor-element-f11247f elementor-section-boxed elementor-section-height-default elementor-section-height-default\" data-id=\"f11247f\" data-element_type=\"section\" data-e-type=\"section\" id=\"product-bio-tbl\" data-settings=\"{&quot;background_background&quot;:&quot;classic&quot;}\">\n\t\t\t\t\t\t<div class=\"elementor-container elementor-column-gap-default\">\n\t\t\t\t\t<div class=\"elementor-column elementor-col-100 elementor-top-column elementor-element elementor-element-21ce687\" data-id=\"21ce687\" data-element_type=\"column\" data-e-type=\"column\">\n\t\t\t<div class=\"elementor-widget-wrap elementor-element-populated\">\n\t\t\t\t\t\t<div class=\"elementor-element elementor-element-1b549f9 elementor-widget elementor-widget-text-editor\" data-id=\"1b549f9\" data-element_type=\"widget\" data-e-type=\"widget\" data-widget_type=\"text-editor.default\">\n\t\t\t\t\t\t\t\t\t<table data-minrequestedwidth=\"593.7478637695312\" data-computedwidth=\"593.7478637695312\"><tbody><tr><td class=\"imVc\"><b class=\"fs14lh1-5\">\u0418\u043c\u0435 \u043f\u0440\u043e\u0438\u0437\u0432\u043e\u0434\u0430<\/b><\/td><td class=\"imVc\"><div class=\"imTACenter\"><strong>\u0421\u0422\u0410\u041d\u0414\u0410\u0420\u0414\u041d\u0415 \u0414\u0418\u041c\u0415\u041d\u0417\u0418\u0408\u0415<\/strong><\/div><\/td><td class=\"imVc\"><div class=\"imTACenter\"><strong>\u041f\u0430\u043a\u043e\u0432\u0430\u045a\u0435<\/strong><\/div><\/td><\/tr><tr><td class=\"imVc\"><div class=\"imTACenter\">\u0425\u0430\u0432\u0430\u043d\u0430 \u043f\u0430\u043f\u0438\u0440, \u0432\u0435\u043b\u0438\u0447\u0438\u043d\u0430 S<\/div><\/td><td class=\"imVc\"><div class=\"imTACenter\"><span class=\"fs11lh1-5 ff2\">70 x 100 \u0446\u043c<\/span><\/div><\/td><td class=\"imVc\"><div class=\"imTACenter\"><span class=\"fs11lh1-5 ff2\">15 \u043a\u0433 \/ 1.000 \u0448\u0438\u043f\u043a\u0438<\/span><\/div><\/td><\/tr><tr><td class=\"imVc\"><div class=\"imTACenter\">\u0425\u0430\u0432\u0430\u043d\u0430 \u041f\u0430\u043f\u0435\u0440, \u041c \u0432\u0435\u043b\u0438\u0447\u0438\u043d\u0430<\/div><\/td><td class=\"imVc\"><div class=\"imTACenter\"><span class=\"fs11lh1-5 ff2\">40 x 50 \u0446\u043c<\/span><\/div><\/td><td class=\"imVc\"><div class=\"imTACenter\"><span class=\"fs11lh1-5 ff2\">10 \u043a\u0433<\/span><span class=\"fs11lh1-5 ff2\">\u00a0<\/span><span class=\"fs11lh1-5 ff2\">\/ 2.900 \u0448\u0442\u0430\u043d\u0433<\/span><\/div><\/td><\/tr><\/tbody><\/table>\t\t\t\t\t\t\t\t<\/div>\n\t\t\t\t\t<\/div>\n\t\t<\/div>\n\t\t\t\t\t<\/div>\n\t\t<\/section>\n\t\t\t\t<section class=\"elementor-section elementor-top-section elementor-element elementor-element-2a04b473 elementor-section-boxed elementor-section-height-default elementor-section-height-default\" data-id=\"2a04b473\" data-element_type=\"section\" data-e-type=\"section\" id=\"povp-sect\" data-settings=\"{&quot;background_background&quot;:&quot;classic&quot;}\">\n\t\t\t\t\t\t\t<div class=\"elementor-background-overlay\"><\/div>\n\t\t\t\t\t\t\t<div class=\"elementor-container elementor-column-gap-default\">\n\t\t\t\t\t<div class=\"elementor-column elementor-col-100 elementor-top-column elementor-element elementor-element-246f811e\" data-id=\"246f811e\" data-element_type=\"column\" data-e-type=\"column\">\n\t\t\t<div class=\"elementor-widget-wrap elementor-element-populated\">\n\t\t\t\t\t\t<div class=\"elementor-element elementor-element-1eb06e58 elementor-widget elementor-widget-heading\" data-id=\"1eb06e58\" data-element_type=\"widget\" data-e-type=\"widget\" data-widget_type=\"heading.default\">\n\t\t\t\t\t<h2 class=\"elementor-heading-title elementor-size-default elementor-heading-title elementor-align-after-center\"><span style=\"font-weight:normal\"><span style=\"font-size: 9pt;font-weight: 700;vertical-align: baseline\"><\/span><\/span>\u041f\u043e\u0447\u043d\u0438\u0442\u0435 \u0441\u0430 \u0430\u0442\u0440\u0430\u043a\u0442\u0438\u0432\u043d\u0438\u043c \u043f\u0430\u043a\u043e\u0432\u0430\u045a\u0435\u043c!<\/h2>\t\t\t\t<\/div>\n\t\t\t\t<div class=\"elementor-element elementor-element-15529f01 elementor-widget elementor-widget-sm-default-button\" data-id=\"15529f01\" data-element_type=\"widget\" data-e-type=\"widget\" data-widget_type=\"sm-default-button.default\">\n\t\t\t\t<div class=\"elementor-widget-container\">\n\t\t\t\t\t\n\t\t\t\t<a   href=\"https:\/\/papirol.si\/sr\/povprasevanje\/ovijalni-embalazni-papir\/\" class=\"btn\">\u041f\u043e\u0448\u0430\u0459\u0438 \u0443\u043f\u0438\u0442<i class=\"ti ti-arrow-right\"><\/i><\/a>\n\t\t\n\t\t\t\t\t<\/div>\n\t\t\t\t<\/div>\n\t\t\t\t\t<\/div>\n\t\t<\/div>\n\t\t\t\t\t<\/div>\n\t\t<\/section>\n\t\t\t\t<\/div>","protected":false},"excerpt":{"rendered":"<p>Havana Papier ist ein einschichtiges, fettdichtes Papier, das das Fett teilweise h\u00e4lt. Es wird haupts\u00e4chlich in der B\u00e4ckerei-,&#8230;<\/p>","protected":false},"author":5,"featured_media":0,"parent":3244,"menu_order":0,"comment_status":"closed","ping_status":"closed","template":"elementor_header_footer","meta":{"footnotes":""},"class_list":["post-3787","page","type-page","status-publish","hentry"],"yoast_head":"<!-- This site is optimized with the Yoast SEO plugin v27.3 - https:\/\/yoast.com\/product\/yoast-seo-wordpress\/ -->\n<title>Havana | Papirol<\/title>\n<meta name=\"robots\" content=\"index, follow, max-snippet:-1, max-image-preview:large, max-video-preview:-1\" \/>\n<link rel=\"canonical\" href=\"https:\/\/papirol.si\/sr\/\u0430\u0441\u043e\u0440\u0442\u0438\u043c\u0430\u043d-2\/\u0432\u0438\u043a\u0435\u043b-\u0430\u043c\u0431\u0430\u043b\u0430\u0436\u043d\u043e-\u0438-\u043e\u0431\u043b\u0438\u043a\u043e\u0432\u0430\u043d\u043e-\u043f\u0430\u043f\u0438\u0440\/\u0445\u0430\u0432\u0430\u043d\u0430\/\" \/>\n<meta property=\"og:locale\" content=\"sr_RS\" \/>\n<meta property=\"og:type\" content=\"article\" \/>\n<meta property=\"og:title\" content=\"Havana | Papirol\" \/>\n<meta property=\"og:description\" content=\"Havana Papier ist ein einschichtiges, fettdichtes Papier, das das Fett teilweise h\u00e4lt. Es wird haupts\u00e4chlich in der B\u00e4ckerei-,...\" \/>\n<meta property=\"og:url\" content=\"https:\/\/papirol.si\/sr\/\u0430\u0441\u043e\u0440\u0442\u0438\u043c\u0430\u043d-2\/\u0432\u0438\u043a\u0435\u043b-\u0430\u043c\u0431\u0430\u043b\u0430\u0436\u043d\u043e-\u0438-\u043e\u0431\u043b\u0438\u043a\u043e\u0432\u0430\u043d\u043e-\u043f\u0430\u043f\u0438\u0440\/\u0445\u0430\u0432\u0430\u043d\u0430\/\" \/>\n<meta property=\"og:site_name\" content=\"Papirol\" \/>\n<meta property=\"article:modified_time\" content=\"2020-07-10T08:35:56+00:00\" \/>\n<meta property=\"og:image\" content=\"https:\/\/papirol.si\/wp-content\/uploads\/2019\/12\/Papir-v-formatu_r02xjqe2.png\" \/>\n\t<meta property=\"og:image:width\" content=\"327\" \/>\n\t<meta property=\"og:image:height\" content=\"219\" \/>\n\t<meta property=\"og:image:type\" content=\"image\/png\" \/>\n<meta name=\"twitter:card\" content=\"summary_large_image\" \/>\n<meta name=\"twitter:label1\" content=\"\u041f\u0440\u043e\u0446\u0435\u045a\u0435\u043d\u043e \u0432\u0440\u0435\u043c\u0435 \u0447\u0438\u0442\u0430\u045a\u0430\" \/>\n\t<meta name=\"twitter:data1\" content=\"1 \u043c\u0438\u043d\u0443\u0442\" \/>\n<script type=\"application\/ld+json\" class=\"yoast-schema-graph\">{\"@context\":\"https:\\\/\\\/schema.org\",\"@graph\":[{\"@type\":\"WebPage\",\"@id\":\"https:\\\/\\\/papirol.si\\\/de\\\/produktsortiment\\\/wickel-verpackungs-und-formatpapiere\\\/havana\\\/\",\"url\":\"https:\\\/\\\/papirol.si\\\/de\\\/produktsortiment\\\/wickel-verpackungs-und-formatpapiere\\\/havana\\\/\",\"name\":\"Havana | Papirol\",\"isPartOf\":{\"@id\":\"https:\\\/\\\/papirol.si\\\/#website\"},\"primaryImageOfPage\":{\"@id\":\"https:\\\/\\\/papirol.si\\\/de\\\/produktsortiment\\\/wickel-verpackungs-und-formatpapiere\\\/havana\\\/#primaryimage\"},\"image\":{\"@id\":\"https:\\\/\\\/papirol.si\\\/de\\\/produktsortiment\\\/wickel-verpackungs-und-formatpapiere\\\/havana\\\/#primaryimage\"},\"thumbnailUrl\":\"https:\\\/\\\/papirol.si\\\/wp-content\\\/uploads\\\/2019\\\/12\\\/Papir-v-formatu_r02xjqe2.png\",\"datePublished\":\"2020-07-10T08:28:56+00:00\",\"dateModified\":\"2020-07-10T08:35:56+00:00\",\"breadcrumb\":{\"@id\":\"https:\\\/\\\/papirol.si\\\/de\\\/produktsortiment\\\/wickel-verpackungs-und-formatpapiere\\\/havana\\\/#breadcrumb\"},\"inLanguage\":\"sr-RS\",\"potentialAction\":[{\"@type\":\"ReadAction\",\"target\":[\"https:\\\/\\\/papirol.si\\\/de\\\/produktsortiment\\\/wickel-verpackungs-und-formatpapiere\\\/havana\\\/\"]}]},{\"@type\":\"ImageObject\",\"inLanguage\":\"sr-RS\",\"@id\":\"https:\\\/\\\/papirol.si\\\/de\\\/produktsortiment\\\/wickel-verpackungs-und-formatpapiere\\\/havana\\\/#primaryimage\",\"url\":\"https:\\\/\\\/papirol.si\\\/wp-content\\\/uploads\\\/2019\\\/12\\\/Papir-v-formatu_r02xjqe2.png\",\"contentUrl\":\"https:\\\/\\\/papirol.si\\\/wp-content\\\/uploads\\\/2019\\\/12\\\/Papir-v-formatu_r02xjqe2.png\"},{\"@type\":\"BreadcrumbList\",\"@id\":\"https:\\\/\\\/papirol.si\\\/de\\\/produktsortiment\\\/wickel-verpackungs-und-formatpapiere\\\/havana\\\/#breadcrumb\",\"itemListElement\":[{\"@type\":\"ListItem\",\"position\":1,\"name\":\"Home\",\"item\":\"https:\\\/\\\/papirol.si\\\/\"},{\"@type\":\"ListItem\",\"position\":2,\"name\":\"Produktsortiment\",\"item\":\"https:\\\/\\\/papirol.si\\\/de\\\/produktsortiment\\\/\"},{\"@type\":\"ListItem\",\"position\":3,\"name\":\"Wickel, Verpackungs- und Formatpapiere\",\"item\":\"https:\\\/\\\/papirol.si\\\/de\\\/produktsortiment\\\/wickel-verpackungs-und-formatpapiere\\\/\"},{\"@type\":\"ListItem\",\"position\":4,\"name\":\"Havana\"}]},{\"@type\":\"WebSite\",\"@id\":\"https:\\\/\\\/papirol.si\\\/#website\",\"url\":\"https:\\\/\\\/papirol.si\\\/\",\"name\":\"Papirol\",\"description\":\"Obla\u010dimo va\u0161e izdelke \u017ee 36 let!\",\"publisher\":{\"@id\":\"https:\\\/\\\/papirol.si\\\/#organization\"},\"potentialAction\":[{\"@type\":\"SearchAction\",\"target\":{\"@type\":\"EntryPoint\",\"urlTemplate\":\"https:\\\/\\\/papirol.si\\\/?s={search_term_string}\"},\"query-input\":{\"@type\":\"PropertyValueSpecification\",\"valueRequired\":true,\"valueName\":\"search_term_string\"}}],\"inLanguage\":\"sr-RS\"},{\"@type\":\"Organization\",\"@id\":\"https:\\\/\\\/papirol.si\\\/#organization\",\"name\":\"Papirol\",\"url\":\"https:\\\/\\\/papirol.si\\\/\",\"logo\":{\"@type\":\"ImageObject\",\"inLanguage\":\"sr-RS\",\"@id\":\"https:\\\/\\\/papirol.si\\\/#\\\/schema\\\/logo\\\/image\\\/\",\"url\":\"https:\\\/\\\/papirol.si\\\/wp-content\\\/uploads\\\/2019\\\/12\\\/papirol-bela.png\",\"contentUrl\":\"https:\\\/\\\/papirol.si\\\/wp-content\\\/uploads\\\/2019\\\/12\\\/papirol-bela.png\",\"width\":400,\"height\":80,\"caption\":\"Papirol\"},\"image\":{\"@id\":\"https:\\\/\\\/papirol.si\\\/#\\\/schema\\\/logo\\\/image\\\/\"}}]}<\/script>\n<!-- \/ Yoast SEO plugin. -->","yoast_head_json":{"title":"\u0410\u0432\u0430\u043d\u0430 | \u041f\u0430\u043f\u0438\u0440\u043e\u043b","robots":{"index":"index","follow":"follow","max-snippet":"max-snippet:-1","max-image-preview":"max-image-preview:large","max-video-preview":"max-video-preview:-1"},"canonical":"https:\/\/papirol.si\/sr\/\u0430\u0441\u043e\u0440\u0442\u0438\u043c\u0430\u043d-2\/\u0432\u0438\u043a\u0435\u043b-\u0430\u043c\u0431\u0430\u043b\u0430\u0436\u043d\u043e-\u0438-\u043e\u0431\u043b\u0438\u043a\u043e\u0432\u0430\u043d\u043e-\u043f\u0430\u043f\u0438\u0440\/\u0445\u0430\u0432\u0430\u043d\u0430\/","og_locale":"sr_RS","og_type":"article","og_title":"Havana | Papirol","og_description":"Havana Papier ist ein einschichtiges, fettdichtes Papier, das das Fett teilweise h\u00e4lt. Es wird haupts\u00e4chlich in der B\u00e4ckerei-,...","og_url":"https:\/\/papirol.si\/sr\/\u0430\u0441\u043e\u0440\u0442\u0438\u043c\u0430\u043d-2\/\u0432\u0438\u043a\u0435\u043b-\u0430\u043c\u0431\u0430\u043b\u0430\u0436\u043d\u043e-\u0438-\u043e\u0431\u043b\u0438\u043a\u043e\u0432\u0430\u043d\u043e-\u043f\u0430\u043f\u0438\u0440\/\u0445\u0430\u0432\u0430\u043d\u0430\/","og_site_name":"Papirol","article_modified_time":"2020-07-10T08:35:56+00:00","og_image":[{"width":327,"height":219,"url":"https:\/\/papirol.si\/wp-content\/uploads\/2019\/12\/Papir-v-formatu_r02xjqe2.png","type":"image\/png"}],"twitter_card":"summary_large_image","twitter_misc":{"\u041f\u0440\u043e\u0446\u0435\u045a\u0435\u043d\u043e \u0432\u0440\u0435\u043c\u0435 \u0447\u0438\u0442\u0430\u045a\u0430":"1 \u043c\u0438\u043d\u0443\u0442"},"schema":{"@context":"https:\/\/schema.org","@graph":[{"@type":"WebPage","@id":"https:\/\/papirol.si\/de\/produktsortiment\/wickel-verpackungs-und-formatpapiere\/havana\/","url":"https:\/\/papirol.si\/de\/produktsortiment\/wickel-verpackungs-und-formatpapiere\/havana\/","name":"\u0410\u0432\u0430\u043d\u0430 | \u041f\u0430\u043f\u0438\u0440\u043e\u043b","isPartOf":{"@id":"https:\/\/papirol.si\/#website"},"primaryImageOfPage":{"@id":"https:\/\/papirol.si\/de\/produktsortiment\/wickel-verpackungs-und-formatpapiere\/havana\/#primaryimage"},"image":{"@id":"https:\/\/papirol.si\/de\/produktsortiment\/wickel-verpackungs-und-formatpapiere\/havana\/#primaryimage"},"thumbnailUrl":"https:\/\/papirol.si\/wp-content\/uploads\/2019\/12\/Papir-v-formatu_r02xjqe2.png","datePublished":"2020-07-10T08:28:56+00:00","dateModified":"2020-07-10T08:35:56+00:00","breadcrumb":{"@id":"https:\/\/papirol.si\/de\/produktsortiment\/wickel-verpackungs-und-formatpapiere\/havana\/#breadcrumb"},"inLanguage":"sr-RS","potentialAction":[{"@type":"ReadAction","target":["https:\/\/papirol.si\/de\/produktsortiment\/wickel-verpackungs-und-formatpapiere\/havana\/"]}]},{"@type":"ImageObject","inLanguage":"sr-RS","@id":"https:\/\/papirol.si\/de\/produktsortiment\/wickel-verpackungs-und-formatpapiere\/havana\/#primaryimage","url":"https:\/\/papirol.si\/wp-content\/uploads\/2019\/12\/Papir-v-formatu_r02xjqe2.png","contentUrl":"https:\/\/papirol.si\/wp-content\/uploads\/2019\/12\/Papir-v-formatu_r02xjqe2.png"},{"@type":"BreadcrumbList","@id":"https:\/\/papirol.si\/de\/produktsortiment\/wickel-verpackungs-und-formatpapiere\/havana\/#breadcrumb","itemListElement":[{"@type":"ListItem","position":1,"name":"Home","item":"https:\/\/papirol.si\/"},{"@type":"ListItem","position":2,"name":"Produktsortiment","item":"https:\/\/papirol.si\/de\/produktsortiment\/"},{"@type":"ListItem","position":3,"name":"Wickel, Verpackungs- und Formatpapiere","item":"https:\/\/papirol.si\/de\/produktsortiment\/wickel-verpackungs-und-formatpapiere\/"},{"@type":"ListItem","position":4,"name":"Havana"}]},{"@type":"WebSite","@id":"https:\/\/papirol.si\/#website","url":"https:\/\/papirol.si\/","name":"\u041f\u0430\u043f\u0438\u0440\u043e\u043b","description":"\u0412\u0435\u045b 36 \u0433\u043e\u0434\u0438\u043d\u0430 \u043e\u0431\u043b\u0430\u0447\u0438\u043c\u043e \u0432\u0430\u0448\u0435 \u043f\u0440\u043e\u0438\u0437\u0432\u043e\u0434\u0435!","publisher":{"@id":"https:\/\/papirol.si\/#organization"},"potentialAction":[{"@type":"SearchAction","target":{"@type":"EntryPoint","urlTemplate":"https:\/\/papirol.si\/?s={search_term_string}"},"query-input":{"@type":"PropertyValueSpecification","valueRequired":true,"valueName":"search_term_string"}}],"inLanguage":"sr-RS"},{"@type":"Organization","@id":"https:\/\/papirol.si\/#organization","name":"\u041f\u0430\u043f\u0438\u0440\u043e\u043b","url":"https:\/\/papirol.si\/","logo":{"@type":"ImageObject","inLanguage":"sr-RS","@id":"https:\/\/papirol.si\/#\/schema\/logo\/image\/","url":"https:\/\/papirol.si\/wp-content\/uploads\/2019\/12\/papirol-bela.png","contentUrl":"https:\/\/papirol.si\/wp-content\/uploads\/2019\/12\/papirol-bela.png","width":400,"height":80,"caption":"Papirol"},"image":{"@id":"https:\/\/papirol.si\/#\/schema\/logo\/image\/"}}]}},"_links":{"self":[{"href":"https:\/\/papirol.si\/sr\/wp-json\/wp\/v2\/pages\/3787","targetHints":{"allow":["GET"]}}],"collection":[{"href":"https:\/\/papirol.si\/sr\/wp-json\/wp\/v2\/pages"}],"about":[{"href":"https:\/\/papirol.si\/sr\/wp-json\/wp\/v2\/types\/page"}],"author":[{"embeddable":true,"href":"https:\/\/papirol.si\/sr\/wp-json\/wp\/v2\/users\/5"}],"replies":[{"embeddable":true,"href":"https:\/\/papirol.si\/sr\/wp-json\/wp\/v2\/comments?post=3787"}],"version-history":[{"count":3,"href":"https:\/\/papirol.si\/sr\/wp-json\/wp\/v2\/pages\/3787\/revisions"}],"predecessor-version":[{"id":3791,"href":"https:\/\/papirol.si\/sr\/wp-json\/wp\/v2\/pages\/3787\/revisions\/3791"}],"up":[{"embeddable":true,"href":"https:\/\/papirol.si\/sr\/wp-json\/wp\/v2\/pages\/3244"}],"wp:attachment":[{"href":"https:\/\/papirol.si\/sr\/wp-json\/wp\/v2\/media?parent=3787"}],"curies":[{"name":"wp","href":"https:\/\/api.w.org\/{rel}","templated":true}]}}