{"id":4121,"date":"2023-05-09T11:31:08","date_gmt":"2023-05-09T09:31:08","guid":{"rendered":"https:\/\/papirol.si\/?page_id=4121"},"modified":"2026-04-01T11:56:45","modified_gmt":"2026-04-01T09:56:45","slug":"%d0%ba%d0%be%d0%bd%d1%82%d0%b0%d0%ba%d1%82","status":"publish","type":"page","link":"https:\/\/papirol.si\/sr\/kontakt\/","title":{"rendered":"\u041a\u043e\u043d\u0442\u0430\u043a\u0442"},"content":{"rendered":"<div data-elementor-type=\"wp-post\" data-elementor-id=\"4121\" class=\"elementor elementor-4121\" data-elementor-post-type=\"page\">\n\t\t\t\t\t\t<section class=\"elementor-section elementor-top-section elementor-element elementor-element-c1153d9 elementor-section-boxed elementor-section-height-default elementor-section-height-default\" data-id=\"c1153d9\" data-element_type=\"section\" data-e-type=\"section\">\n\t\t\t\t\t\t<div class=\"elementor-container elementor-column-gap-default\">\n\t\t\t\t\t<div class=\"elementor-column elementor-col-50 elementor-top-column elementor-element elementor-element-457ea2f elementor-invisible\" data-id=\"457ea2f\" data-element_type=\"column\" data-e-type=\"column\" data-settings=\"{&quot;animation&quot;:&quot;fadeIn&quot;}\">\n\t\t\t<div class=\"elementor-widget-wrap elementor-element-populated\">\n\t\t\t\t\t\t<div class=\"elementor-element elementor-element-4675044 elementor-widget elementor-widget-heading\" data-id=\"4675044\" data-element_type=\"widget\" data-e-type=\"widget\" data-widget_type=\"heading.default\">\n\t\t\t\t\t<h2 class=\"elementor-heading-title elementor-size-default elementor-heading-title\">\u041f\u043e\u0437\u043e\u0432\u0438\u0442\u0435 \u043d\u0430\u0441, <\/br>\u0438\u043b\u0438 \u043d\u0430\u043c \u043f\u0438\u0448\u0438\u0442\u0435\n<\/h2>\t\t\t\t<\/div>\n\t\t\t\t<div class=\"elementor-element elementor-element-c3a34d8 elementor-widget elementor-widget-heading\" data-id=\"c3a34d8\" data-element_type=\"widget\" data-e-type=\"widget\" data-widget_type=\"heading.default\">\n\t\t\t\t\t<span class=\"elementor-heading-title elementor-size-default elementor-heading-title\"><i class=\"ti-location-pin\"><\/i><span><b>\u0420\u0430\u0434\u043d\u043e \u0432\u0440\u0435\u043c\u0435 \u0437\u0430 \u043c\u0443\u0448\u0442\u0435\u0440\u0438\u0458\u0435<\/b><br>\n\u041f\u043e\u043d\u0435\u0434\u0435\u0459\u0430\u043a\u2013\u041f\u0435\u0442\u0430\u043a: 7.30\u201314.30 \/ \u0417\u0430\u0442\u0432\u043e\u0440\u0435\u043d\u043e \u0432\u0438\u043a\u0435\u043d\u0434\u043e\u043c!<\/span><\/span>\t\t\t\t<\/div>\n\t\t\t\t<div class=\"elementor-element elementor-element-a81e3e8 elementor-widget elementor-widget-heading\" data-id=\"a81e3e8\" data-element_type=\"widget\" data-e-type=\"widget\" data-widget_type=\"heading.default\">\n\t\t\t\t\t<span class=\"elementor-heading-title elementor-size-default elementor-heading-title\"><i class=\"ti-id-badge\"><\/i><span><p><b>\u041f\u043e\u0434\u0430\u0446\u0438 \u043e \u043a\u043e\u043c\u043f\u0430\u043d\u0438\u0458\u0438<\/b><\/p>\n<div style=\"font-size:90%\">\n<p><strong>\u041d\u0430\u0441\u043b\u043e\u0432:&nbsp;<\/strong><span style=\"float: none\">\u041f\u0430\u043f\u0438\u0440\u043e\u043b.\u0441\u0438 \u0434.\u043e.\u043e.<\/span><\/p>\n<p><strong>\u0420\u0435\u0433\u0438\u0441\u0442\u0440\u0430\u0446\u0438\u043e\u043d\u0438 \u0431\u0440\u043e\u0458:<\/strong><span style=\"float: none\"> 9928456000<\/span><\/p>\n<p> <strong>\u0411\u0440\u043e\u0458 \u0438\u0437\u0434\u0430\u045a\u0430:<\/strong> \u0421\u041871779728<\/p>\n<p> <strong>\u0411\u0440\u043e\u0458 \u0431\u0430\u043d\u043a\u043e\u0432\u043d\u043e\u0433 \u0440\u0430\u0447\u0443\u043d\u0430:&nbsp;<\/strong>IBAN SI56 0400 0028 2124 247 (OTP \u0431\u0430\u043d\u043a\u0430 \u0434.\u0434.)<br><\/p>\n<\/div><\/span><\/span>\t\t\t\t<\/div>\n\t\t\t\t\t<\/div>\n\t\t<\/div>\n\t\t\t\t<div class=\"elementor-column elementor-col-50 elementor-top-column elementor-element elementor-element-3cca13e elementor-invisible\" data-id=\"3cca13e\" data-element_type=\"column\" data-e-type=\"column\" data-settings=\"{&quot;animation&quot;:&quot;fadeIn&quot;,&quot;animation_delay&quot;:200}\">\n\t\t\t<div class=\"elementor-widget-wrap elementor-element-populated\">\n\t\t\t\t\t\t<div class=\"elementor-element elementor-element-830e318 elementor-widget elementor-widget-shortcode\" data-id=\"830e318\" data-element_type=\"widget\" data-e-type=\"widget\" data-widget_type=\"shortcode.default\">\n\t\t\t\t\t\t\t<div class=\"elementor-shortcode\">\n<div class=\"wpcf7 no-js\" id=\"wpcf7-f4124-o1\" lang=\"sl-SI\" dir=\"ltr\" data-wpcf7-id=\"4124\">\n<div class=\"screen-reader-response\"><p role=\"status\" aria-live=\"polite\" aria-atomic=\"true\"><\/p> <ul><\/ul><\/div>\n<form action=\"\/sr\/wp-json\/wp\/v2\/pages\/4121#wpcf7-f4124-o1\" method=\"post\" class=\"wpcf7-form init\" aria-label=\"Contact form\" novalidate=\"novalidate\" data-status=\"init\" data-trp-original-action=\"\/sr\/wp-json\/wp\/v2\/pages\/4121#wpcf7-f4124-o1\">\n<fieldset class=\"hidden-fields-container\"><input type=\"hidden\" name=\"_wpcf7\" value=\"4124\" \/><input type=\"hidden\" name=\"_wpcf7_version\" value=\"6.1.5\" \/><input type=\"hidden\" name=\"_wpcf7_locale\" value=\"sl_SI\" \/><input type=\"hidden\" name=\"_wpcf7_unit_tag\" value=\"wpcf7-f4124-o1\" \/><input type=\"hidden\" name=\"_wpcf7_container_post\" value=\"0\" \/><input type=\"hidden\" name=\"_wpcf7_posted_data_hash\" value=\"\" \/><input type=\"hidden\" name=\"_wpcf7_recaptcha_response\" value=\"\" \/>\n<\/fieldset>\n<p><label> \u0422\u0432\u043e\u0458\u0435 \u0438\u043c\u0435 <span class=\"r\">*<\/span><br \/>\n<span class=\"wpcf7-form-control-wrap\" data-name=\"your-name\"><input size=\"40\" maxlength=\"400\" class=\"wpcf7-form-control wpcf7-text wpcf7-validates-as-required\" aria-required=\"true\" aria-invalid=\"false\" value=\"\" type=\"text\" name=\"your-name\" \/><\/span> <\/label>\n<\/p>\n<p><label> \u0412\u0430\u0448\u0430 \u0430\u0434\u0440\u0435\u0441\u0430 \u0435\u043b\u0435\u043a\u0442\u0440\u043e\u043d\u0441\u043a\u0435 \u043f\u043e\u0448\u0442\u0435 <span class=\"r\">*<\/span><br \/>\n<span class=\"wpcf7-form-control-wrap\" data-name=\"your-email\"><input size=\"40\" maxlength=\"400\" class=\"wpcf7-form-control wpcf7-email wpcf7-validates-as-required wpcf7-text wpcf7-validates-as-email\" aria-required=\"true\" aria-invalid=\"false\" value=\"\" type=\"email\" name=\"your-email\" \/><\/span> <\/label>\n<\/p>\n<p><label> \u0412\u0430\u0448\u0430 \u043f\u043e\u0440\u0443\u043a\u0430 <span class=\"r\">*<\/span><br \/>\n<span class=\"wpcf7-form-control-wrap\" data-name=\"your-message\"><textarea cols=\"40\" rows=\"10\" maxlength=\"2000\" class=\"wpcf7-form-control wpcf7-textarea wpcf7-validates-as-required\" aria-required=\"true\" aria-invalid=\"false\" name=\"your-message\"><\/textarea><\/span> <\/label>\n<\/p>\n<p><input class=\"wpcf7-form-control wpcf7-submit has-spinner\" type=\"submit\" value=\"\u041f\u043e\u0448\u0430\u0459\u0438 \u043f\u043e\u0440\u0443\u043a\u0443\" \/>\n<\/p><div class=\"wpcf7-response-output\" aria-hidden=\"true\"><\/div>\n<input type=\"hidden\" name=\"trp-form-language\" value=\"sr\"\/><\/form>\n<\/div>\n<\/div>\n\t\t\t\t\t\t<\/div>\n\t\t\t\t<div class=\"elementor-element elementor-element-725428e elementor-widget elementor-widget-heading\" data-id=\"725428e\" data-element_type=\"widget\" data-e-type=\"widget\" data-widget_type=\"heading.default\">\n\t\t\t\t\t<span class=\"elementor-heading-title elementor-size-default elementor-heading-title\"><i class=\"ti-mobile\"><\/i><span><b><a href=\"tel:+386(0)24200887\">+ 386 (0)2 42 00 887 <\/a><\/b><br>\n<a href=\"tel:+38651339399\">+ 386 (0)51 339 399<\/a><\/span><\/span>\t\t\t\t<\/div>\n\t\t\t\t\t<\/div>\n\t\t<\/div>\n\t\t\t\t\t<\/div>\n\t\t<\/section>\n\t\t\t\t<section class=\"elementor-section elementor-top-section elementor-element elementor-element-6a7b42c elementor-section-boxed elementor-section-height-default elementor-section-height-default\" data-id=\"6a7b42c\" data-element_type=\"section\" data-e-type=\"section\" data-settings=\"{&quot;background_background&quot;:&quot;classic&quot;}\">\n\t\t\t\t\t\t<div class=\"elementor-container elementor-column-gap-default\">\n\t\t\t\t\t<div class=\"elementor-column elementor-col-50 elementor-top-column elementor-element elementor-element-1a6fadf elementor-invisible\" data-id=\"1a6fadf\" data-element_type=\"column\" data-e-type=\"column\" data-settings=\"{&quot;animation&quot;:&quot;fadeIn&quot;}\">\n\t\t\t<div class=\"elementor-widget-wrap elementor-element-populated\">\n\t\t\t\t\t\t<div class=\"elementor-element elementor-element-aa49f1e elementor-widget elementor-widget-heading\" data-id=\"aa49f1e\" data-element_type=\"widget\" data-e-type=\"widget\" data-widget_type=\"heading.default\">\n\t\t\t\t\t<h2 class=\"elementor-heading-title elementor-size-default elementor-heading-title elementor-align-after-mobile-center\">\u0413\u0434\u0435 \u0441\u043c\u043e?<\/h2>\t\t\t\t<\/div>\n\t\t\t\t<div class=\"elementor-element elementor-element-0cc528b elementor-widget elementor-widget-text-editor\" data-id=\"0cc528b\" data-element_type=\"widget\" data-e-type=\"widget\" data-widget_type=\"text-editor.default\">\n\t\t\t\t\t\t\t\t\t<p>\u0421\u043b\u043e\u0431\u043e\u0434\u043d\u043e \u043d\u0430\u043c \u043f\u043e\u0448\u0430\u0459\u0438\u0442\u0435 \u0443\u043f\u0438\u0442 \u0437\u0430 \u0434\u043e\u0434\u0430\u0442\u043d\u0435 \u0438\u043d\u0444\u043e\u0440\u043c\u0430\u0446\u0438\u0458\u0435, \u0441\u0430\u0432\u0435\u0442\u0435 \u0438\u043b\u0438 \u0443\u0437\u043e\u0440\u043a\u0435. \u0423\u0440\u0430\u0434\u0438\u0442\u0435 \u0442\u043e \u0437\u0430 \u0441\u0435\u0431\u0435, \u0437\u0430 \u0441\u0432\u043e\u0458\u0435 \u0441\u0430\u0434\u0430\u0448\u045a\u0435 \u0438 \u0431\u0443\u0434\u0443\u045b\u0435 \u043a\u0443\u043f\u0446\u0435. \u0414\u043e\u0441\u0442\u0443\u043f\u043d\u0438 \u0441\u043c\u043e \u0434\u0430 \u043f\u0440\u0443\u0436\u0438\u043c\u043e \u0441\u0432\u0430 \u043e\u0431\u0458\u0430\u0448\u045a\u0435\u045a\u0430 \u0438 \u0438\u043d\u0444\u043e\u0440\u043c\u0430\u0446\u0438\u0458\u0435 \u043a\u043e\u0458\u0435 \u0432\u0430\u043c \u043c\u043e\u0433\u0443 \u0431\u0438\u0442\u0438 \u043f\u043e\u0442\u0440\u0435\u0431\u043d\u0435 \u043e\u0434 \u043f\u043e\u043d\u0435\u0434\u0435\u0459\u043a\u0430 \u0434\u043e \u043f\u0435\u0442\u043a\u0430, \u043e\u0434 7.30 \u0434\u043e 14.30, \u0443 \u0441\u0435\u0434\u0438\u0448\u0442\u0443 \u043d\u0430\u0448\u0435 \u043a\u043e\u043c\u043f\u0430\u043d\u0438\u0458\u0435, \u043f\u0443\u0442\u0435\u043c \u043d\u0430\u0448\u0438\u0445 \u0442\u0435\u043b\u0435\u0444\u043e\u043d\u0441\u043a\u0438\u0445 \u0431\u0440\u043e\u0458\u0435\u0432\u0430 \u0438\u043b\u0438 \u0435\u043b\u0435\u043a\u0442\u0440\u043e\u043d\u0441\u043a\u043e\u043c \u043f\u043e\u0448\u0442\u043e\u043c.<\/p>\t\t\t\t\t\t\t\t<\/div>\n\t\t\t\t<div class=\"elementor-element elementor-element-f38d1ae elementor-widget elementor-widget-heading\" data-id=\"f38d1ae\" data-element_type=\"widget\" data-e-type=\"widget\" data-widget_type=\"heading.default\">\n\t\t\t\t\t<span class=\"elementor-heading-title elementor-size-default elementor-heading-title\"><i class=\"ti-location-pin\"><\/i><span><p>\u0423\u043b\u0438\u0446\u0430 \u041f\u0440\u0435\u0440\u0430\u0434\u043e\u0432\u0438\u045b\u0435\u0432\u0430 22,<br>2000 \u041c\u0430\u0440\u0438\u0431\u043e\u0440, \u0421\u043b\u043e\u0432\u0435\u043d\u0438\u0458\u0430.<\/p><\/span><\/span>\t\t\t\t<\/div>\n\t\t\t\t\t<\/div>\n\t\t<\/div>\n\t\t\t\t<div class=\"elementor-column elementor-col-50 elementor-top-column elementor-element elementor-element-149420f elementor-invisible\" data-id=\"149420f\" data-element_type=\"column\" data-e-type=\"column\" data-settings=\"{&quot;animation&quot;:&quot;fadeIn&quot;,&quot;animation_delay&quot;:200}\">\n\t\t\t<div class=\"elementor-widget-wrap elementor-element-populated\">\n\t\t\t\t\t\t<div class=\"elementor-element elementor-element-057ec6b elementor-widget elementor-widget-google_maps\" data-id=\"057ec6b\" data-element_type=\"widget\" data-e-type=\"widget\" data-widget_type=\"google_maps.default\">\n\t\t\t\t\t\t\t<div class=\"elementor-custom-embed\">\n\t\t\t<iframe loading=\"lazy\"\n\t\t\t\t\tsrc=\"https:\/\/maps.google.com\/maps?q=46.553579%2C%2015.632427&#038;t=m&#038;z=10&#038;output=embed&#038;iwloc=near\"\n\t\t\t\t\ttitle=\"46.553579, 15.632427\"\n\t\t\t\t\taria-label=\"46.553579, 15.632427\"\n\t\t\t><\/iframe>\n\t\t<\/div>\n\t\t\t\t\t\t<\/div>\n\t\t\t\t\t<\/div>\n\t\t<\/div>\n\t\t\t\t\t<\/div>\n\t\t<\/section>\n\t\t\t\t<\/div>","protected":false},"excerpt":{"rendered":"<p>Pozovite nas, ili nam pi\u0161ite Radno vreme za klijente Pon-Pet: 7:30 &#8211; 14:30 \/ Zatvoreno vikendom! Podaci o&#8230;<\/p>","protected":false},"author":5,"featured_media":0,"parent":0,"menu_order":0,"comment_status":"closed","ping_status":"closed","template":"elementor_header_footer","meta":{"footnotes":""},"class_list":["post-4121","page","type-page","status-publish","hentry"],"yoast_head":"<!-- This site is optimized with the Yoast SEO plugin v27.3 - https:\/\/yoast.com\/product\/yoast-seo-wordpress\/ -->\n<title>Kontakt | Papirol<\/title>\n<meta name=\"robots\" content=\"index, follow, max-snippet:-1, max-image-preview:large, max-video-preview:-1\" \/>\n<link rel=\"canonical\" href=\"https:\/\/papirol.si\/sr\/\u043a\u043e\u043d\u0442\u0430\u043a\u0442\/\" \/>\n<meta property=\"og:locale\" content=\"sr_RS\" \/>\n<meta property=\"og:type\" content=\"article\" \/>\n<meta property=\"og:title\" content=\"Kontakt | Papirol\" \/>\n<meta property=\"og:description\" content=\"Pozovite nas, ili nam pi\u0161ite Radno vreme za klijente Pon-Pet: 7:30 &#8211; 14:30 \/ Zatvoreno vikendom! Podaci o...\" \/>\n<meta property=\"og:url\" content=\"https:\/\/papirol.si\/sr\/\u043a\u043e\u043d\u0442\u0430\u043a\u0442\/\" \/>\n<meta property=\"og:site_name\" content=\"Papirol\" \/>\n<meta property=\"article:modified_time\" content=\"2026-04-01T09:56:45+00:00\" \/>\n<meta name=\"twitter:card\" content=\"summary_large_image\" \/>\n<meta name=\"twitter:label1\" content=\"\u041f\u0440\u043e\u0446\u0435\u045a\u0435\u043d\u043e \u0432\u0440\u0435\u043c\u0435 \u0447\u0438\u0442\u0430\u045a\u0430\" \/>\n\t<meta name=\"twitter:data1\" content=\"1 \u043c\u0438\u043d\u0443\u0442\" \/>\n<script type=\"application\/ld+json\" class=\"yoast-schema-graph\">{\"@context\":\"https:\\\/\\\/schema.org\",\"@graph\":[{\"@type\":\"WebPage\",\"@id\":\"https:\\\/\\\/papirol.si\\\/kontakt\\\/\",\"url\":\"https:\\\/\\\/papirol.si\\\/kontakt\\\/\",\"name\":\"Kontakt | Papirol\",\"isPartOf\":{\"@id\":\"https:\\\/\\\/papirol.si\\\/#website\"},\"datePublished\":\"2023-05-09T09:31:08+00:00\",\"dateModified\":\"2026-04-01T09:56:45+00:00\",\"breadcrumb\":{\"@id\":\"https:\\\/\\\/papirol.si\\\/kontakt\\\/#breadcrumb\"},\"inLanguage\":\"sr-RS\",\"potentialAction\":[{\"@type\":\"ReadAction\",\"target\":[\"https:\\\/\\\/papirol.si\\\/kontakt\\\/\"]}]},{\"@type\":\"BreadcrumbList\",\"@id\":\"https:\\\/\\\/papirol.si\\\/kontakt\\\/#breadcrumb\",\"itemListElement\":[{\"@type\":\"ListItem\",\"position\":1,\"name\":\"Home\",\"item\":\"https:\\\/\\\/papirol.si\\\/\"},{\"@type\":\"ListItem\",\"position\":2,\"name\":\"Kontakt\"}]},{\"@type\":\"WebSite\",\"@id\":\"https:\\\/\\\/papirol.si\\\/#website\",\"url\":\"https:\\\/\\\/papirol.si\\\/\",\"name\":\"Papirol\",\"description\":\"Obla\u010dimo va\u0161e izdelke \u017ee 36 let!\",\"publisher\":{\"@id\":\"https:\\\/\\\/papirol.si\\\/#organization\"},\"potentialAction\":[{\"@type\":\"SearchAction\",\"target\":{\"@type\":\"EntryPoint\",\"urlTemplate\":\"https:\\\/\\\/papirol.si\\\/?s={search_term_string}\"},\"query-input\":{\"@type\":\"PropertyValueSpecification\",\"valueRequired\":true,\"valueName\":\"search_term_string\"}}],\"inLanguage\":\"sr-RS\"},{\"@type\":\"Organization\",\"@id\":\"https:\\\/\\\/papirol.si\\\/#organization\",\"name\":\"Papirol\",\"url\":\"https:\\\/\\\/papirol.si\\\/\",\"logo\":{\"@type\":\"ImageObject\",\"inLanguage\":\"sr-RS\",\"@id\":\"https:\\\/\\\/papirol.si\\\/#\\\/schema\\\/logo\\\/image\\\/\",\"url\":\"https:\\\/\\\/papirol.si\\\/wp-content\\\/uploads\\\/2019\\\/12\\\/papirol-bela.png\",\"contentUrl\":\"https:\\\/\\\/papirol.si\\\/wp-content\\\/uploads\\\/2019\\\/12\\\/papirol-bela.png\",\"width\":400,\"height\":80,\"caption\":\"Papirol\"},\"image\":{\"@id\":\"https:\\\/\\\/papirol.si\\\/#\\\/schema\\\/logo\\\/image\\\/\"}}]}<\/script>\n<!-- \/ Yoast SEO plugin. -->","yoast_head_json":{"title":"\u041a\u043e\u043d\u0442\u0430\u043a\u0442 | \u041f\u0430\u043f\u0438\u0440\u043e\u043b","robots":{"index":"index","follow":"follow","max-snippet":"max-snippet:-1","max-image-preview":"max-image-preview:large","max-video-preview":"max-video-preview:-1"},"canonical":"https:\/\/papirol.si\/sr\/\u043a\u043e\u043d\u0442\u0430\u043a\u0442\/","og_locale":"sr_RS","og_type":"article","og_title":"Kontakt | Papirol","og_description":"Pozovite nas, ili nam pi\u0161ite Radno vreme za klijente Pon-Pet: 7:30 &#8211; 14:30 \/ Zatvoreno vikendom! Podaci o...","og_url":"https:\/\/papirol.si\/sr\/\u043a\u043e\u043d\u0442\u0430\u043a\u0442\/","og_site_name":"Papirol","article_modified_time":"2026-04-01T09:56:45+00:00","twitter_card":"summary_large_image","twitter_misc":{"\u041f\u0440\u043e\u0446\u0435\u045a\u0435\u043d\u043e \u0432\u0440\u0435\u043c\u0435 \u0447\u0438\u0442\u0430\u045a\u0430":"1 \u043c\u0438\u043d\u0443\u0442"},"schema":{"@context":"https:\/\/schema.org","@graph":[{"@type":"WebPage","@id":"https:\/\/papirol.si\/kontakt\/","url":"https:\/\/papirol.si\/kontakt\/","name":"\u041a\u043e\u043d\u0442\u0430\u043a\u0442 | \u041f\u0430\u043f\u0438\u0440\u043e\u043b","isPartOf":{"@id":"https:\/\/papirol.si\/#website"},"datePublished":"2023-05-09T09:31:08+00:00","dateModified":"2026-04-01T09:56:45+00:00","breadcrumb":{"@id":"https:\/\/papirol.si\/kontakt\/#breadcrumb"},"inLanguage":"sr-RS","potentialAction":[{"@type":"ReadAction","target":["https:\/\/papirol.si\/kontakt\/"]}]},{"@type":"BreadcrumbList","@id":"https:\/\/papirol.si\/kontakt\/#breadcrumb","itemListElement":[{"@type":"ListItem","position":1,"name":"Home","item":"https:\/\/papirol.si\/"},{"@type":"ListItem","position":2,"name":"Kontakt"}]},{"@type":"WebSite","@id":"https:\/\/papirol.si\/#website","url":"https:\/\/papirol.si\/","name":"\u041f\u0430\u043f\u0438\u0440\u043e\u043b","description":"\u0412\u0435\u045b 36 \u0433\u043e\u0434\u0438\u043d\u0430 \u043e\u0431\u043b\u0430\u0447\u0438\u043c\u043e \u0432\u0430\u0448\u0435 \u043f\u0440\u043e\u0438\u0437\u0432\u043e\u0434\u0435!","publisher":{"@id":"https:\/\/papirol.si\/#organization"},"potentialAction":[{"@type":"SearchAction","target":{"@type":"EntryPoint","urlTemplate":"https:\/\/papirol.si\/?s={search_term_string}"},"query-input":{"@type":"PropertyValueSpecification","valueRequired":true,"valueName":"search_term_string"}}],"inLanguage":"sr-RS"},{"@type":"Organization","@id":"https:\/\/papirol.si\/#organization","name":"\u041f\u0430\u043f\u0438\u0440\u043e\u043b","url":"https:\/\/papirol.si\/","logo":{"@type":"ImageObject","inLanguage":"sr-RS","@id":"https:\/\/papirol.si\/#\/schema\/logo\/image\/","url":"https:\/\/papirol.si\/wp-content\/uploads\/2019\/12\/papirol-bela.png","contentUrl":"https:\/\/papirol.si\/wp-content\/uploads\/2019\/12\/papirol-bela.png","width":400,"height":80,"caption":"Papirol"},"image":{"@id":"https:\/\/papirol.si\/#\/schema\/logo\/image\/"}}]}},"_links":{"self":[{"href":"https:\/\/papirol.si\/sr\/wp-json\/wp\/v2\/pages\/4121","targetHints":{"allow":["GET"]}}],"collection":[{"href":"https:\/\/papirol.si\/sr\/wp-json\/wp\/v2\/pages"}],"about":[{"href":"https:\/\/papirol.si\/sr\/wp-json\/wp\/v2\/types\/page"}],"author":[{"embeddable":true,"href":"https:\/\/papirol.si\/sr\/wp-json\/wp\/v2\/users\/5"}],"replies":[{"embeddable":true,"href":"https:\/\/papirol.si\/sr\/wp-json\/wp\/v2\/comments?post=4121"}],"version-history":[{"count":10,"href":"https:\/\/papirol.si\/sr\/wp-json\/wp\/v2\/pages\/4121\/revisions"}],"predecessor-version":[{"id":4866,"href":"https:\/\/papirol.si\/sr\/wp-json\/wp\/v2\/pages\/4121\/revisions\/4866"}],"wp:attachment":[{"href":"https:\/\/papirol.si\/sr\/wp-json\/wp\/v2\/media?parent=4121"}],"curies":[{"name":"wp","href":"https:\/\/api.w.org\/{rel}","templated":true}]}}