{"id":4280,"date":"2023-05-10T11:25:13","date_gmt":"2023-05-10T09:25:13","guid":{"rendered":"https:\/\/papirol.si\/?page_id=4280"},"modified":"2023-05-10T11:26:31","modified_gmt":"2023-05-10T09:26:31","slug":"%d1%82%d0%be%d1%80%d0%b1%d0%b5-%d0%b7%d0%b0-%d0%bd%d0%be%d1%88%d0%b5%d1%9a%d0%b5-%d1%83-%d0%b1%d0%be%d1%80%d0%b1%d0%b8","status":"publish","type":"page","link":"https:\/\/papirol.si\/sr\/potraznja\/kese-za-nosenje-u-boji\/","title":{"rendered":"\u041f\u043e\u0448\u0430\u0459\u0438 \u043f\u043e\u0440\u0443\u043a\u0443"},"content":{"rendered":"<div data-elementor-type=\"wp-post\" data-elementor-id=\"4280\" class=\"elementor elementor-4280\" data-elementor-post-type=\"page\">\n\t\t\t\t\t\t<section class=\"elementor-section elementor-top-section elementor-element elementor-element-c1153d9 elementor-section-boxed elementor-section-height-default elementor-section-height-default\" data-id=\"c1153d9\" data-element_type=\"section\" data-e-type=\"section\">\n\t\t\t\t\t\t<div class=\"elementor-container elementor-column-gap-default\">\n\t\t\t\t\t<div class=\"elementor-column elementor-col-100 elementor-top-column elementor-element elementor-element-3cca13e elementor-invisible\" data-id=\"3cca13e\" data-element_type=\"column\" data-e-type=\"column\" data-settings=\"{&quot;animation&quot;:&quot;fadeIn&quot;,&quot;animation_delay&quot;:200}\">\n\t\t\t<div class=\"elementor-widget-wrap elementor-element-populated\">\n\t\t\t\t\t\t<div class=\"elementor-element elementor-element-1de9f0b elementor-widget elementor-widget-heading\" data-id=\"1de9f0b\" data-element_type=\"widget\" data-e-type=\"widget\" data-widget_type=\"heading.default\">\n\t\t\t\t\t<h2 class=\"elementor-heading-title elementor-size-default elementor-heading-title elementor-align-after-center\">\u0422\u043e\u0440\u0431\u0435 \u0437\u0430 \u043d\u043e\u0448\u0435\u045a\u0435 \u0443 \u0431\u043e\u0440\u0431\u0438 <\/h2>\t\t\t\t<\/div>\n\t\t\t\t<div class=\"elementor-element elementor-element-830e318 elementor-widget elementor-widget-shortcode\" data-id=\"830e318\" data-element_type=\"widget\" data-e-type=\"widget\" data-widget_type=\"shortcode.default\">\n\t\t\t\t\t\t\t<div class=\"elementor-shortcode\">\n<div class=\"wpcf7 no-js\" id=\"wpcf7-f2459-o1\" lang=\"sl-SI\" dir=\"ltr\" data-wpcf7-id=\"2459\">\n<div class=\"screen-reader-response\"><p role=\"status\" aria-live=\"polite\" aria-atomic=\"true\"><\/p> <ul><\/ul><\/div>\n<form action=\"\/sr\/wp-json\/wp\/v2\/pages\/4280#wpcf7-f2459-o1\" method=\"post\" class=\"wpcf7-form init\" aria-label=\"Contact form\" novalidate=\"novalidate\" data-status=\"init\" data-trp-original-action=\"\/sr\/wp-json\/wp\/v2\/pages\/4280#wpcf7-f2459-o1\">\n<fieldset class=\"hidden-fields-container\"><input type=\"hidden\" name=\"_wpcf7\" value=\"2459\" \/><input type=\"hidden\" name=\"_wpcf7_version\" value=\"6.1.5\" \/><input type=\"hidden\" name=\"_wpcf7_locale\" value=\"sl_SI\" \/><input type=\"hidden\" name=\"_wpcf7_unit_tag\" value=\"wpcf7-f2459-o1\" \/><input type=\"hidden\" name=\"_wpcf7_container_post\" value=\"0\" \/><input type=\"hidden\" name=\"_wpcf7_posted_data_hash\" value=\"\" \/><input type=\"hidden\" name=\"_wpcf7_recaptcha_response\" value=\"\" \/>\n<\/fieldset>\n<div id=\"pform\">\n\t<p><label> \u0412\u0430\u0448\u0435 \u0438\u043c\u0435 *<br \/>\n<span class=\"wpcf7-form-control-wrap\" data-name=\"ime\"><input size=\"40\" maxlength=\"400\" class=\"wpcf7-form-control wpcf7-text wpcf7-validates-as-required\" aria-required=\"true\" aria-invalid=\"false\" value=\"\" type=\"text\" name=\"ime\" \/><\/span><br \/>\n<\/label>\n\t<\/p>\n\t<p><label> \u0412\u0430\u0448 \u0438\u043c\u0435\u0458\u043b *<br \/>\n<span class=\"wpcf7-form-control-wrap\" data-name=\"email\"><input size=\"40\" maxlength=\"400\" class=\"wpcf7-form-control wpcf7-email wpcf7-validates-as-required wpcf7-text wpcf7-validates-as-email\" aria-required=\"true\" aria-invalid=\"false\" value=\"\" type=\"email\" name=\"email\" \/><\/span><br \/>\n<\/label>\n\t<\/p>\n\t<div class=\"sep\">\n\t<\/div>\n\t<div class=\"povp-auto\" id=\"barva\">\n\t\t<p><label>\u0411\u043e\u0458\u0430<\/label>\n\t\t<\/p>\n\t\t<p><span class=\"wpcf7-form-control-wrap barva\"><span class=\"wpcf7-form-control wpcf7-checkbox\"><br \/>\n<span class=\"wpcf7-list-item first\"><label><input type=\"checkbox\" name=\"barva[]\" value=\"Bela\" \/><span class=\"colr col-bela\"><\/span><span class=\"wpcf7-list-item-label\">\u0411\u0435\u043b\u0438<\/span><\/label><\/span><br \/>\n<span class=\"wpcf7-list-item\"><label><input type=\"checkbox\" name=\"barva[]\" value=\"Rjava\" \/><span class=\"colr col-rjava\"><\/span><span class=\"wpcf7-list-item-label\">\u0421\u043c\u0435\u0452\u0438<\/span><\/label><\/span><br \/>\n<span class=\"wpcf7-list-item\"><label><input type=\"checkbox\" name=\"barva[]\" value=\"\u010crna\" \/><span class=\"colr col-crna\"><\/span><span class=\"wpcf7-list-item-label\">\u0426\u0440\u043d<\/span><\/label><\/span><br \/>\n<span class=\"wpcf7-list-item\"><label><input type=\"checkbox\" name=\"barva[]\" value=\"Zlata\" \/><span class=\"colr col-zlata\"><\/span><span class=\"wpcf7-list-item-label\">\u0417\u043b\u0430\u0442\u043e<\/span><\/label><\/span><br \/>\n<span class=\"wpcf7-list-item\"><label><input type=\"checkbox\" name=\"barva[]\" value=\"Srebrna\" \/><span class=\"colr col-srebrna\"><\/span><span class=\"wpcf7-list-item-label\">\u0421\u0440\u0435\u0431\u0440\u043d\u0438<\/span><\/label><\/span><br \/>\n<span class=\"wpcf7-list-item\"><label><input type=\"checkbox\" name=\"barva[]\" value=\"Temno rde\u010da\" \/><span class=\"colr col-trdeca\"><\/span><span class=\"wpcf7-list-item-label\">\u0422\u0430\u043c\u043d\u043e \u0446\u0440\u0432\u0435\u043d\u0430<\/span><\/label><\/span><br \/>\n<span class=\"wpcf7-list-item\"><label><input type=\"checkbox\" name=\"barva[]\" value=\"Svetlo rde\u010da\" \/><span class=\"colr col-srdeca\"><\/span><span class=\"wpcf7-list-item-label\">\u0408\u0430\u0440\u043a\u043e \u0446\u0440\u0432\u0435\u043d\u0430<\/span><\/label><\/span><br \/>\n<span class=\"wpcf7-list-item\"><label><input type=\"checkbox\" name=\"barva[]\" value=\"Temno zelena\" \/><span class=\"colr col-tzelena\"><\/span><span class=\"wpcf7-list-item-label\">\u0422\u0430\u043c\u043d\u043e \u0437\u0435\u043b\u0435\u043d\u0430<\/span><\/label><\/span><br \/>\n<span class=\"wpcf7-list-item\"><label><input type=\"checkbox\" name=\"barva[]\" value=\"Svetlo zelena\" \/><span class=\"colr col-szelena\"><\/span><span class=\"wpcf7-list-item-label\">\u0421\u0432\u0435\u0442\u043b\u043e \u0437\u0435\u043b\u0435\u043d\u0430<\/span><\/label><\/span><br \/>\n<span class=\"wpcf7-list-item\"><label><input type=\"checkbox\" name=\"barva[]\" value=\"Temno modra\" \/><span class=\"colr col-tmodra\"><\/span><span class=\"wpcf7-list-item-label\">\u0422\u0430\u043c\u043d\u043e \u043f\u043b\u0430\u0432\u0430<\/span><\/label><\/span><br \/>\n<span class=\"wpcf7-list-item\"><label><input type=\"checkbox\" name=\"barva[]\" value=\"Svetlo modra\" \/><span class=\"colr col-smodra\"><\/span><span class=\"wpcf7-list-item-label\">\u0421\u0432\u0435\u0442\u043b\u043e \u043f\u043b\u0430\u0432\u0430<\/span><\/label><\/span><br \/>\n<span class=\"wpcf7-list-item\"><label><input type=\"checkbox\" name=\"barva[]\" value=\"Rumena\" \/><span class=\"colr col-rumena\"><\/span><span class=\"wpcf7-list-item-label\">\u0416\u0443\u0442\u0438<\/span><\/label><\/span><br \/>\n<span class=\"wpcf7-list-item\"><label><input type=\"checkbox\" name=\"barva[]\" value=\"Oran\u017ena\" \/><span class=\"colr col-oranzna\"><\/span><span class=\"wpcf7-list-item-label\">\u041d\u0430\u0440\u0430\u043d\u045f\u0430\u0441\u0442\u0430<\/span><\/label><\/span><br \/>\n<span class=\"wpcf7-list-item\"><label><input type=\"checkbox\" name=\"barva[]\" value=\"Pink\" \/><span class=\"colr col-pink\"><\/span><span class=\"wpcf7-list-item-label\">\u0420\u043e\u0437\u0435<\/span><\/label><\/span><br \/>\n<\/span><\/span>\n\t\t<\/p>\n\t<\/div>\n\t<div>\n\t\t<p><label>\u0414\u0438\u043c\u0435\u043d\u0437\u0438\u0458\u0435 <b>\u0448\u0430\u0440\u043e\u043b\u0438\u043a\u0430 \u043f\u0440\u0438\u0440\u043e\u0434\u0430<\/b> \u0441\u0430 \u0437\u0430\u043a\u0440\u0438\u0432\u0459\u0435\u043d\u043e\u043c \u0434\u0440\u0448\u043a\u043e\u043c<\/label><br \/>\n<span class=\"wpcf7-form-control-wrap\" data-name=\"dimen-barvna-natura\"><span class=\"wpcf7-form-control wpcf7-checkbox\"><span class=\"wpcf7-list-item first\"><label><input type=\"checkbox\" name=\"dimen-barvna-natura[]\" value=\"14x8x21 cm\" \/><span class=\"wpcf7-list-item-label\">14 x 8 x 21 \u0446\u043c<\/span><\/label><\/span><span class=\"wpcf7-list-item\"><label><input type=\"checkbox\" name=\"dimen-barvna-natura[]\" value=\"18x8x22 cm\" \/><span class=\"wpcf7-list-item-label\">18 x 8 x 22 \u0446\u043c<\/span><\/label><\/span><span class=\"wpcf7-list-item\"><label><input type=\"checkbox\" name=\"dimen-barvna-natura[]\" value=\"22x10x31 cm\" \/><span class=\"wpcf7-list-item-label\">22 x 10 x 31 \u0446\u043c<\/span><\/label><\/span><span class=\"wpcf7-list-item\"><label><input type=\"checkbox\" name=\"dimen-barvna-natura[]\" value=\"26x12x35 cm\" \/><span class=\"wpcf7-list-item-label\">26 x 12 x 35 \u0446\u043c<\/span><\/label><\/span><span class=\"wpcf7-list-item\"><label><input type=\"checkbox\" name=\"dimen-barvna-natura[]\" value=\"32x12x41 cm\" \/><span class=\"wpcf7-list-item-label\">32 x 12 x 41 \u0446\u043c<\/span><\/label><\/span><span class=\"wpcf7-list-item last\"><label><input type=\"checkbox\" name=\"dimen-barvna-natura[]\" value=\"45x17x48 cm\" \/><span class=\"wpcf7-list-item-label\">45 x 17 x 48 \u0446\u043c<\/span><\/label><\/span><\/span><\/span>\n\t\t<\/p>\n\t<\/div>\n\t<div>\n\t\t<p><label>\u0414\u0438\u043c\u0435\u043d\u0437\u0438\u0458\u0435 <b>\u0442\u043e\u0440\u0431\u0438\u0446\u0435 \u0437\u0430 \u0444\u043b\u0430\u0448\u0435<\/b>\u0441\u0430 \u0437\u0430\u043a\u0440\u0438\u0432\u0459\u0435\u043d\u043e\u043c \u0434\u0440\u0448\u043a\u043e\u043c<\/label><br \/>\n<span class=\"wpcf7-form-control-wrap\" data-name=\"dimen-butelj\"><span class=\"wpcf7-form-control wpcf7-checkbox\"><span class=\"wpcf7-list-item first\"><label><input type=\"checkbox\" name=\"dimen-butelj[]\" value=\"14x8x39 cm\" \/><span class=\"wpcf7-list-item-label\">14 x 8 x 39 \u0446\u043c<\/span><\/label><\/span><span class=\"wpcf7-list-item last\"><label><input type=\"checkbox\" name=\"dimen-butelj[]\" value=\"18x8x39 cm\" \/><span class=\"wpcf7-list-item-label\">18 x 8 x 39 \u0446\u043c<\/span><\/label><\/span><\/span><\/span>\n\t\t<\/p>\n\t<\/div>\n\t<div class=\"povp-auto\">\n\t\t<p><label> \u0428\u0442\u0430\u043c\u043f\u0430\u0458<\/label><br \/>\n<span class=\"wpcf7-form-control-wrap\" data-name=\"tip-tisk\"><span class=\"wpcf7-form-control wpcf7-checkbox\"><span class=\"wpcf7-list-item first\"><label><input type=\"checkbox\" name=\"tip-tisk[]\" value=\"Brez tiska\" \/><span class=\"wpcf7-list-item-label\">\u041d\u0435 \u0448\u0442\u0430\u043c\u043f\u0430\u0458<\/span><\/label><\/span><span class=\"wpcf7-list-item\"><label><input type=\"checkbox\" name=\"tip-tisk[]\" value=\"Tisk na 1 stran\" \/><span class=\"wpcf7-list-item-label\">\u0428\u0442\u0430\u043c\u043f\u0430\u0458 \u043d\u0430 \u0458\u0435\u0434\u043d\u043e\u0458 \u0441\u0442\u0440\u0430\u043d\u0438\u0446\u0438<\/span><\/label><\/span><span class=\"wpcf7-list-item last\"><label><input type=\"checkbox\" name=\"tip-tisk[]\" value=\"Tisk na 2 strani\" \/><span class=\"wpcf7-list-item-label\">\u0428\u0442\u0430\u043c\u043f\u0430\u0458 \u043d\u0430 \u043e\u0431\u0435 \u0441\u0442\u0440\u0430\u043d\u0435<\/span><\/label><\/span><\/span><\/span>\n\t\t<\/p>\n\t<\/div>\n\t<p><label class=\"tisk\"> \u0411\u0440\u043e\u0458 \u0448\u0442\u0430\u043c\u043f\u0430\u0440\u0441\u043a\u0438\u0445 \u0431\u043e\u0458\u0430<br \/>\n<span class=\"wpcf7-form-control-wrap\" data-name=\"tisk-st-barv\"><input class=\"wpcf7-form-control wpcf7-number wpcf7-validates-as-number\" min=\"0\" max=\"10000\" aria-invalid=\"false\" placeholder=\"0\" value=\"\" type=\"number\" name=\"tisk-st-barv\" \/><\/span><br \/>\n<\/label>\n\t<\/p>\n\t<p><label class=\"tisk\"> \u0421\u0430\u043e\u043f\u0448\u0442\u0435\u045a\u0435 \u0437\u0430 \u0458\u0430\u0432\u043d\u043e\u0441\u0442<br \/>\n<span class=\"wpcf7-form-control-wrap\" data-name=\"tisk-komentar\"><textarea cols=\"40\" rows=\"10\" maxlength=\"2000\" class=\"wpcf7-form-control wpcf7-textarea\" aria-invalid=\"false\" name=\"tisk-komentar\"><\/textarea><\/span><br \/>\n<\/label>\n\t<\/p>\n\t<p><label> \u041a\u043e\u043b\u0438\u0447\u0438\u043d\u0430<br \/>\n<span class=\"wpcf7-form-control-wrap\" data-name=\"kolicina\"><input size=\"40\" maxlength=\"400\" class=\"wpcf7-form-control wpcf7-text\" aria-invalid=\"false\" placeholder=\"\u0423\u043d\u0435\u0441\u0438\u0442\u0435 \u0436\u0435\u0459\u0435\u043d\u0443 \u043a\u043e\u043b\u0438\u0447\u0438\u043d\u0443\" value=\"\" type=\"text\" name=\"kolicina\" \/><\/span><br \/>\n<\/label>\n\t<\/p>\n\t<div class=\"sep\">\n\t<\/div>\n\t<p><label> \u0418\u043c\u0430\u0442\u0435 \u043b\u0438 \u0458\u043e\u0448 \u043d\u0435\u043a\u0438\u0445 \u043f\u0438\u0442\u0430\u045a\u0430, \u0441\u0430\u0432\u0435\u0442\u0430 \u0438\u0442\u0434.<br \/>\n<span class=\"wpcf7-form-control-wrap\" data-name=\"your-message\"><textarea cols=\"40\" rows=\"10\" maxlength=\"2000\" class=\"wpcf7-form-control wpcf7-textarea\" aria-invalid=\"false\" name=\"your-message\"><\/textarea><\/span><br \/>\n<\/label>\n\t<\/p>\n\t<div id=\"pform-send\">\n\t\t<p><input class=\"wpcf7-form-control wpcf7-submit has-spinner\" type=\"submit\" value=\"\u041f\u043e\u0448\u0430\u0459\u0438\" \/>\n\t\t<\/p>\n\t<\/div>\n\t<div id=\"pform-help\">\n\t\t<p>\u0414\u0430 \u043b\u0438 \u0432\u0430\u043c \u0442\u0440\u0435\u0431\u0430 \u043f\u043e\u043c\u043e\u045b \u043f\u0440\u0438 \u043f\u043e\u043f\u0443\u045a\u0430\u0432\u0430\u045a\u0443 \u043e\u0431\u0440\u0430\u0441\u0446\u0430 \u0438\u043b\u0438 \u0438\u043c\u0430\u0442\u0435 \u0458\u043e\u0448 \u043d\u0435\u043a\u0438\u0445 \u043f\u0438\u0442\u0430\u045a\u0430?<a href=\"tel:+38651339399\">+386 (0)51 339 399<\/a>\n\t\t<\/p>\n\t<\/div>\n<\/div>\n<p><script src=\"\/assets\/js\/vrecke.js\"><\/script>\n<\/p><div class=\"wpcf7-response-output\" aria-hidden=\"true\"><\/div>\n<input type=\"hidden\" name=\"trp-form-language\" value=\"sr\"\/><\/form>\n<\/div>\n<\/div>\n\t\t\t\t\t\t<\/div>\n\t\t\t\t\t<\/div>\n\t\t<\/div>\n\t\t\t\t\t<\/div>\n\t\t<\/section>\n\t\t\t\t<\/div>","protected":false},"excerpt":{"rendered":"<p>\u0422\u043e\u0440\u0431\u0435 \u0437\u0430 \u043d\u043e\u0448\u0435\u045a\u0435 \u0443 \u0431\u043e\u0440\u0431\u0438<\/p>","protected":false},"author":2,"featured_media":0,"parent":4128,"menu_order":0,"comment_status":"closed","ping_status":"closed","template":"elementor_header_footer","meta":{"footnotes":""},"class_list":["post-4280","page","type-page","status-publish","hentry"],"yoast_head":"<!-- This site is optimized with the Yoast SEO plugin v27.3 - https:\/\/yoast.com\/product\/yoast-seo-wordpress\/ -->\n<title>Po\u0161alji upit | Papirol<\/title>\n<meta name=\"robots\" content=\"index, follow, max-snippet:-1, max-image-preview:large, max-video-preview:-1\" \/>\n<link rel=\"canonical\" href=\"https:\/\/papirol.si\/sr\/\u0430\u043d\u043a\u0435\u0442\u0430\/\u043f\u043b\u0430\u0441\u0442\u0438\u0447\u043d\u0435-\u043a\u0435\u0441\u0435-\u0443-\u0431\u043e\u0458\u0438\/\" \/>\n<meta property=\"og:locale\" content=\"sr_RS\" \/>\n<meta property=\"og:type\" content=\"article\" \/>\n<meta property=\"og:title\" content=\"Po\u0161alji upit | Papirol\" \/>\n<meta property=\"og:description\" content=\"Kese za no\u0161enje u boji\" \/>\n<meta property=\"og:url\" content=\"https:\/\/papirol.si\/sr\/\u0430\u043d\u043a\u0435\u0442\u0430\/\u043f\u043b\u0430\u0441\u0442\u0438\u0447\u043d\u0435-\u043a\u0435\u0441\u0435-\u0443-\u0431\u043e\u0458\u0438\/\" \/>\n<meta property=\"og:site_name\" content=\"Papirol\" \/>\n<meta property=\"article:modified_time\" content=\"2023-05-10T09:26:31+00:00\" \/>\n<meta name=\"twitter:card\" content=\"summary_large_image\" \/>\n<script type=\"application\/ld+json\" class=\"yoast-schema-graph\">{\"@context\":\"https:\\\/\\\/schema.org\",\"@graph\":[{\"@type\":\"WebPage\",\"@id\":\"https:\\\/\\\/papirol.si\\\/povprasevanje\\\/barvne-nosilne-vrecke\\\/\",\"url\":\"https:\\\/\\\/papirol.si\\\/povprasevanje\\\/barvne-nosilne-vrecke\\\/\",\"name\":\"Po\u0161alji upit | Papirol\",\"isPartOf\":{\"@id\":\"https:\\\/\\\/papirol.si\\\/#website\"},\"datePublished\":\"2023-05-10T09:25:13+00:00\",\"dateModified\":\"2023-05-10T09:26:31+00:00\",\"breadcrumb\":{\"@id\":\"https:\\\/\\\/papirol.si\\\/povprasevanje\\\/barvne-nosilne-vrecke\\\/#breadcrumb\"},\"inLanguage\":\"sr-RS\",\"potentialAction\":[{\"@type\":\"ReadAction\",\"target\":[\"https:\\\/\\\/papirol.si\\\/povprasevanje\\\/barvne-nosilne-vrecke\\\/\"]}]},{\"@type\":\"BreadcrumbList\",\"@id\":\"https:\\\/\\\/papirol.si\\\/povprasevanje\\\/barvne-nosilne-vrecke\\\/#breadcrumb\",\"itemListElement\":[{\"@type\":\"ListItem\",\"position\":1,\"name\":\"Home\",\"item\":\"https:\\\/\\\/papirol.si\\\/\"},{\"@type\":\"ListItem\",\"position\":2,\"name\":\"Potra\u017enja\",\"item\":\"https:\\\/\\\/papirol.si\\\/sr\\\/potraznja\\\/\"},{\"@type\":\"ListItem\",\"position\":3,\"name\":\"Po\u0161alji upit\"}]},{\"@type\":\"WebSite\",\"@id\":\"https:\\\/\\\/papirol.si\\\/#website\",\"url\":\"https:\\\/\\\/papirol.si\\\/\",\"name\":\"Papirol\",\"description\":\"Obla\u010dimo va\u0161e izdelke \u017ee 36 let!\",\"publisher\":{\"@id\":\"https:\\\/\\\/papirol.si\\\/#organization\"},\"potentialAction\":[{\"@type\":\"SearchAction\",\"target\":{\"@type\":\"EntryPoint\",\"urlTemplate\":\"https:\\\/\\\/papirol.si\\\/?s={search_term_string}\"},\"query-input\":{\"@type\":\"PropertyValueSpecification\",\"valueRequired\":true,\"valueName\":\"search_term_string\"}}],\"inLanguage\":\"sr-RS\"},{\"@type\":\"Organization\",\"@id\":\"https:\\\/\\\/papirol.si\\\/#organization\",\"name\":\"Papirol\",\"url\":\"https:\\\/\\\/papirol.si\\\/\",\"logo\":{\"@type\":\"ImageObject\",\"inLanguage\":\"sr-RS\",\"@id\":\"https:\\\/\\\/papirol.si\\\/#\\\/schema\\\/logo\\\/image\\\/\",\"url\":\"https:\\\/\\\/papirol.si\\\/wp-content\\\/uploads\\\/2019\\\/12\\\/papirol-bela.png\",\"contentUrl\":\"https:\\\/\\\/papirol.si\\\/wp-content\\\/uploads\\\/2019\\\/12\\\/papirol-bela.png\",\"width\":400,\"height\":80,\"caption\":\"Papirol\"},\"image\":{\"@id\":\"https:\\\/\\\/papirol.si\\\/#\\\/schema\\\/logo\\\/image\\\/\"}}]}<\/script>\n<!-- \/ Yoast SEO plugin. -->","yoast_head_json":{"title":"\u041f\u043e\u0448\u0430\u0459\u0438 \u043f\u043e\u0440\u0443\u043a\u0443 | \u041f\u0430\u043f\u0438\u0440\u043e\u043b","robots":{"index":"index","follow":"follow","max-snippet":"max-snippet:-1","max-image-preview":"max-image-preview:large","max-video-preview":"max-video-preview:-1"},"canonical":"https:\/\/papirol.si\/sr\/\u0430\u043d\u043a\u0435\u0442\u0430\/\u043f\u043b\u0430\u0441\u0442\u0438\u0447\u043d\u0435-\u043a\u0435\u0441\u0435-\u0443-\u0431\u043e\u0458\u0438\/","og_locale":"sr_RS","og_type":"article","og_title":"Po\u0161alji upit | Papirol","og_description":"Kese za no\u0161enje u boji","og_url":"https:\/\/papirol.si\/sr\/\u0430\u043d\u043a\u0435\u0442\u0430\/\u043f\u043b\u0430\u0441\u0442\u0438\u0447\u043d\u0435-\u043a\u0435\u0441\u0435-\u0443-\u0431\u043e\u0458\u0438\/","og_site_name":"Papirol","article_modified_time":"2023-05-10T09:26:31+00:00","twitter_card":"summary_large_image","schema":{"@context":"https:\/\/schema.org","@graph":[{"@type":"WebPage","@id":"https:\/\/papirol.si\/povprasevanje\/barvne-nosilne-vrecke\/","url":"https:\/\/papirol.si\/povprasevanje\/barvne-nosilne-vrecke\/","name":"\u041f\u043e\u0448\u0430\u0459\u0438 \u043f\u043e\u0440\u0443\u043a\u0443 | \u041f\u0430\u043f\u0438\u0440\u043e\u043b","isPartOf":{"@id":"https:\/\/papirol.si\/#website"},"datePublished":"2023-05-10T09:25:13+00:00","dateModified":"2023-05-10T09:26:31+00:00","breadcrumb":{"@id":"https:\/\/papirol.si\/povprasevanje\/barvne-nosilne-vrecke\/#breadcrumb"},"inLanguage":"sr-RS","potentialAction":[{"@type":"ReadAction","target":["https:\/\/papirol.si\/povprasevanje\/barvne-nosilne-vrecke\/"]}]},{"@type":"BreadcrumbList","@id":"https:\/\/papirol.si\/povprasevanje\/barvne-nosilne-vrecke\/#breadcrumb","itemListElement":[{"@type":"ListItem","position":1,"name":"Home","item":"https:\/\/papirol.si\/"},{"@type":"ListItem","position":2,"name":"Potra\u017enja","item":"https:\/\/papirol.si\/sr\/potraznja\/"},{"@type":"ListItem","position":3,"name":"Po\u0161alji upit"}]},{"@type":"WebSite","@id":"https:\/\/papirol.si\/#website","url":"https:\/\/papirol.si\/","name":"\u041f\u0430\u043f\u0438\u0440\u043e\u043b","description":"\u0412\u0435\u045b 36 \u0433\u043e\u0434\u0438\u043d\u0430 \u043e\u0431\u043b\u0430\u0447\u0438\u043c\u043e \u0432\u0430\u0448\u0435 \u043f\u0440\u043e\u0438\u0437\u0432\u043e\u0434\u0435!","publisher":{"@id":"https:\/\/papirol.si\/#organization"},"potentialAction":[{"@type":"SearchAction","target":{"@type":"EntryPoint","urlTemplate":"https:\/\/papirol.si\/?s={search_term_string}"},"query-input":{"@type":"PropertyValueSpecification","valueRequired":true,"valueName":"search_term_string"}}],"inLanguage":"sr-RS"},{"@type":"Organization","@id":"https:\/\/papirol.si\/#organization","name":"\u041f\u0430\u043f\u0438\u0440\u043e\u043b","url":"https:\/\/papirol.si\/","logo":{"@type":"ImageObject","inLanguage":"sr-RS","@id":"https:\/\/papirol.si\/#\/schema\/logo\/image\/","url":"https:\/\/papirol.si\/wp-content\/uploads\/2019\/12\/papirol-bela.png","contentUrl":"https:\/\/papirol.si\/wp-content\/uploads\/2019\/12\/papirol-bela.png","width":400,"height":80,"caption":"Papirol"},"image":{"@id":"https:\/\/papirol.si\/#\/schema\/logo\/image\/"}}]}},"_links":{"self":[{"href":"https:\/\/papirol.si\/sr\/wp-json\/wp\/v2\/pages\/4280","targetHints":{"allow":["GET"]}}],"collection":[{"href":"https:\/\/papirol.si\/sr\/wp-json\/wp\/v2\/pages"}],"about":[{"href":"https:\/\/papirol.si\/sr\/wp-json\/wp\/v2\/types\/page"}],"author":[{"embeddable":true,"href":"https:\/\/papirol.si\/sr\/wp-json\/wp\/v2\/users\/2"}],"replies":[{"embeddable":true,"href":"https:\/\/papirol.si\/sr\/wp-json\/wp\/v2\/comments?post=4280"}],"version-history":[{"count":2,"href":"https:\/\/papirol.si\/sr\/wp-json\/wp\/v2\/pages\/4280\/revisions"}],"predecessor-version":[{"id":4282,"href":"https:\/\/papirol.si\/sr\/wp-json\/wp\/v2\/pages\/4280\/revisions\/4282"}],"up":[{"embeddable":true,"href":"https:\/\/papirol.si\/sr\/wp-json\/wp\/v2\/pages\/4128"}],"wp:attachment":[{"href":"https:\/\/papirol.si\/sr\/wp-json\/wp\/v2\/media?parent=4280"}],"curies":[{"name":"wp","href":"https:\/\/api.w.org\/{rel}","templated":true}]}}